{"id":948,"date":"2024-12-28T00:45:00","date_gmt":"2024-12-28T00:45:00","guid":{"rendered":"https:\/\/delicmont.com\/?page_id=948"},"modified":"2024-12-31T02:40:11","modified_gmt":"2024-12-31T02:40:11","slug":"nasi-projekti","status":"publish","type":"page","link":"http:\/\/delicmont.com\/en\/nasi-projekti\/","title":{"rendered":"Our projects"},"content":{"rendered":"<h2 class=\"wp-block-heading\"><img loading=\"lazy\" decoding=\"async\" width=\"60\" height=\"60\" class=\"wp-image-1483\" style=\"width: 60px;\" src=\"http:\/\/delicmont.com\/wp-content\/uploads\/2025\/01\/camera-1-1.png\" alt=\"\" srcset=\"http:\/\/delicmont.com\/wp-content\/uploads\/2025\/01\/camera-1-1.png 512w, http:\/\/delicmont.com\/wp-content\/uploads\/2025\/01\/camera-1-1-300x300.png 300w, http:\/\/delicmont.com\/wp-content\/uploads\/2025\/01\/camera-1-1-150x150.png 150w, http:\/\/delicmont.com\/wp-content\/uploads\/2025\/01\/camera-1-1-475x475.png 475w\" sizes=\"auto, (max-width: 60px) 100vw, 60px\" \/>View photo galleries of some of our successful projects, sorted by category<\/h2>\n\n\n\n<div class=\"wp-block-group is-layout-grid wp-container-core-group-is-layout-478b6e6b wp-block-group-is-layout-grid\">\n<div class=\"wp-block-cover is-light\"><img loading=\"lazy\" decoding=\"async\" width=\"450\" height=\"800\" class=\"wp-block-cover__image-background wp-image-1570 size-full\" alt=\"DelicMont - gipsane plo\u010de i moleraj - zidovi ra\u0111eni pomo\u0107u rigis plo\u010da\" src=\"http:\/\/delicmont.com\/wp-content\/uploads\/2025\/01\/IMG-20250114-WA0015.jpg\" data-object-fit=\"cover\" srcset=\"http:\/\/delicmont.com\/wp-content\/uploads\/2025\/01\/IMG-20250114-WA0015.jpg 450w, http:\/\/delicmont.com\/wp-content\/uploads\/2025\/01\/IMG-20250114-WA0015-169x300.jpg 169w\" sizes=\"auto, (max-width: 450px) 100vw, 450px\" \/><span aria-hidden=\"true\" class=\"wp-block-cover__background has-background-dim\" style=\"background-color:#908981\"><\/span><div class=\"wp-block-cover__inner-container is-layout-flow wp-block-cover-is-layout-flow\">\n<p class=\"has-text-align-center has-large-font-size\"><a href=\"https:\/\/delicmont.com\/en\/keramicki-radovi-fotogalerije\/\" target=\"_blank\" rel=\"noreferrer noopener\">Projects \u2013 Ceramic Works \u2013 Photo Galleries<\/a><\/p>\n<\/div><\/div>\n\n\n\n<div class=\"wp-block-cover is-light\"><img loading=\"lazy\" decoding=\"async\" width=\"768\" height=\"1024\" class=\"wp-block-cover__image-background wp-image-322 size-large\" alt=\"\" src=\"http:\/\/delicmont.com\/wp-content\/uploads\/2024\/10\/20240319_100824-768x1024.jpg\" data-object-fit=\"cover\" srcset=\"http:\/\/delicmont.com\/wp-content\/uploads\/2024\/10\/20240319_100824-768x1024.jpg 768w, http:\/\/delicmont.com\/wp-content\/uploads\/2024\/10\/20240319_100824-225x300.jpg 225w, http:\/\/delicmont.com\/wp-content\/uploads\/2024\/10\/20240319_100824-1152x1536.jpg 1152w, http:\/\/delicmont.com\/wp-content\/uploads\/2024\/10\/20240319_100824-1536x2048.jpg 1536w, http:\/\/delicmont.com\/wp-content\/uploads\/2024\/10\/20240319_100824-scaled.jpg 1920w\" sizes=\"auto, (max-width: 768px) 100vw, 768px\" \/><span aria-hidden=\"true\" class=\"wp-block-cover__background has-background-dim\" style=\"background-color:#a5a09a\"><\/span><div class=\"wp-block-cover__inner-container is-layout-flow wp-block-cover-is-layout-flow\">\n<p class=\"has-text-align-center has-large-font-size\"><a href=\"https:\/\/delicmont.com\/en\/projekti-fotogalerije-kupatila\/\" target=\"_blank\" rel=\"noreferrer noopener\">Projects \u2013 Photo Galleries \u2013 Bathrooms<\/a><\/p>\n<\/div><\/div>\n\n\n\n<div class=\"wp-block-cover is-light\"><img loading=\"lazy\" decoding=\"async\" width=\"540\" height=\"360\" class=\"wp-block-cover__image-background wp-image-643 size-full\" alt=\"\" src=\"http:\/\/delicmont.com\/wp-content\/uploads\/2024\/10\/attic-4-1.jpg\" data-object-fit=\"cover\" srcset=\"http:\/\/delicmont.com\/wp-content\/uploads\/2024\/10\/attic-4-1.jpg 540w, http:\/\/delicmont.com\/wp-content\/uploads\/2024\/10\/attic-4-1-300x200.jpg 300w\" sizes=\"auto, (max-width: 540px) 100vw, 540px\" \/><span aria-hidden=\"true\" class=\"wp-block-cover__background has-background-dim\" style=\"background-color:#ccc5be\"><\/span><div class=\"wp-block-cover__inner-container is-layout-flow wp-block-cover-is-layout-flow\">\n<p class=\"has-text-align-center has-large-font-size\"><a href=\"https:\/\/delicmont.com\/en\/opremanje-objekata-za-odmor-fotogalerija\/\">Projects \u2013 Photo Galleries \u2013 Holiday Homes<\/a><\/p>\n<\/div><\/div>\n<\/div>\n\n\n\n<p><\/p>","protected":false},"excerpt":{"rendered":"","protected":false},"author":1,"featured_media":0,"parent":0,"menu_order":0,"comment_status":"closed","ping_status":"closed","template":"","meta":{"ngg_post_thumbnail":0,"footnotes":""},"class_list":["post-948","page","type-page","status-publish","hentry"],"_links":{"self":[{"href":"http:\/\/delicmont.com\/en\/wp-json\/wp\/v2\/pages\/948","targetHints":{"allow":["GET"]}}],"collection":[{"href":"http:\/\/delicmont.com\/en\/wp-json\/wp\/v2\/pages"}],"about":[{"href":"http:\/\/delicmont.com\/en\/wp-json\/wp\/v2\/types\/page"}],"author":[{"embeddable":true,"href":"http:\/\/delicmont.com\/en\/wp-json\/wp\/v2\/users\/1"}],"replies":[{"embeddable":true,"href":"http:\/\/delicmont.com\/en\/wp-json\/wp\/v2\/comments?post=948"}],"version-history":[{"count":5,"href":"http:\/\/delicmont.com\/en\/wp-json\/wp\/v2\/pages\/948\/revisions"}],"predecessor-version":[{"id":1247,"href":"http:\/\/delicmont.com\/en\/wp-json\/wp\/v2\/pages\/948\/revisions\/1247"}],"wp:attachment":[{"href":"http:\/\/delicmont.com\/en\/wp-json\/wp\/v2\/media?parent=948"}],"curies":[{"name":"wp","href":"https:\/\/api.w.org\/{rel}","templated":true}]}}