{"id":38,"date":"2024-10-11T19:49:47","date_gmt":"2024-10-11T19:49:47","guid":{"rendered":"https:\/\/delicmont.com\/?page_id=38"},"modified":"2025-01-06T18:10:09","modified_gmt":"2025-01-06T18:10:09","slug":"keramika","status":"publish","type":"page","link":"http:\/\/delicmont.com\/en\/keramika\/","title":{"rendered":"Bathroom\/kitchen renovation"},"content":{"rendered":"\n<h2 class=\"wp-block-heading\"><img loading=\"lazy\" decoding=\"async\" width=\"60\" height=\"60\" class=\"wp-image-1521\" style=\"width: 60px;\" src=\"http:\/\/delicmont.com\/wp-content\/uploads\/2025\/01\/bathroom.png\" alt=\"\" srcset=\"http:\/\/delicmont.com\/wp-content\/uploads\/2025\/01\/bathroom.png 512w, http:\/\/delicmont.com\/wp-content\/uploads\/2025\/01\/bathroom-300x300.png 300w, http:\/\/delicmont.com\/wp-content\/uploads\/2025\/01\/bathroom-150x150.png 150w, http:\/\/delicmont.com\/wp-content\/uploads\/2025\/01\/bathroom-475x475.png 475w\" sizes=\"auto, (max-width: 60px) 100vw, 60px\" \/> Renoviranje kupatila i kuhinja &#8211; \u0161ta donosi?<\/h2>\n\n\n\n<div class=\"wp-block-media-text is-stacked-on-mobile\"><figure class=\"wp-block-media-text__media\"><img loading=\"lazy\" decoding=\"async\" width=\"768\" height=\"1024\" src=\"http:\/\/delicmont.com\/wp-content\/uploads\/2024\/10\/20240319_101345-768x1024.jpeg\" alt=\"\" class=\"wp-image-367 size-full\" srcset=\"http:\/\/delicmont.com\/wp-content\/uploads\/2024\/10\/20240319_101345-768x1024.jpeg 768w, http:\/\/delicmont.com\/wp-content\/uploads\/2024\/10\/20240319_101345-225x300.jpeg 225w, http:\/\/delicmont.com\/wp-content\/uploads\/2024\/10\/20240319_101345-1152x1536.jpeg 1152w, http:\/\/delicmont.com\/wp-content\/uploads\/2024\/10\/20240319_101345-1536x2048.jpeg 1536w, http:\/\/delicmont.com\/wp-content\/uploads\/2024\/10\/20240319_101345-scaled.jpeg 1920w\" sizes=\"auto, (max-width: 768px) 100vw, 768px\" \/><\/figure><div class=\"wp-block-media-text__content\">\n<p><\/p>\n\n\n\n<h3 class=\"wp-block-heading\">Unapre\u0111enje funkcionalnosti i estetike<\/h3>\n\n\n\n<p>Renoviranje kupatila ili kuhinje predstavlja proces koji obuhvata adaptaciju i pobolj\u0161anje kvaliteta postoje\u0107eg objekta u cilju unapre\u0111enja njegove funkcionalnosti i estetike. Ukoliko planirate renoviranje kupatila ili kuhinje, vrlo je va\u017eno da to urade stru\u010dnjaci koji imaju plan i iskustvo. <strong><a href=\"https:\/\/delicmont.com\/about\/\" data-type=\"page\" data-id=\"11\">Deli\u0107Mont<\/a> daje garanciju da \u0107e to biti u\u010dinjeno na najboji na\u010din.<\/strong><\/p>\n<\/div><\/div>\n\n\n\n<hr class=\"wp-block-separator has-alpha-channel-opacity\"\/>\n\n\n\n<div class=\"wp-block-media-text has-media-on-the-right is-stacked-on-mobile\"><div class=\"wp-block-media-text__content\">\n<p><\/p>\n\n\n\n<h3 class=\"wp-block-heading\">Novi izgled kupatila ili kuhinje<\/h3>\n\n\n\n<p>Nerijetko renoviranje-adaptacija kupatila ili kuhinje iziskuje promjenu rasporeda i funkcionalnosti. Ukoliko namjeravate da promijenite polo\u017eaj i mjesto tu\u0161 kabine ili da ugradite novu kadu, da promijenite boju zidova ili da ugradite nova osvjetljenja, <strong>Deli\u0107Mont <\/strong>\u0107e vam pomo\u0107i da va\u0161e kupatilo dobije novi izgled. Isto va\u017ei i za kuhinje, ukoliko mijenjate poziiciju sudopera ili ku\u0107anskog aparata, pomo\u0107i \u0107emo vam da va\u0161 renovirani objekat bude ponos va\u0161eg doma. Da se u njemu osje\u0107ate prijatno i vi i va\u0161i gosti.<\/p>\n<\/div><figure class=\"wp-block-media-text__media\"><img loading=\"lazy\" decoding=\"async\" width=\"768\" height=\"1024\" src=\"http:\/\/delicmont.com\/wp-content\/uploads\/2024\/12\/crno-5-768x1024.jpg\" alt=\"\" class=\"wp-image-1042 size-full\" srcset=\"http:\/\/delicmont.com\/wp-content\/uploads\/2024\/12\/crno-5-768x1024.jpg 768w, http:\/\/delicmont.com\/wp-content\/uploads\/2024\/12\/crno-5-225x300.jpg 225w, http:\/\/delicmont.com\/wp-content\/uploads\/2024\/12\/crno-5.jpg 900w\" sizes=\"auto, (max-width: 768px) 100vw, 768px\" \/><\/figure><\/div>\n\n\n\n<hr class=\"wp-block-separator has-alpha-channel-opacity\"\/>\n\n\n\n<div class=\"wp-block-media-text is-stacked-on-mobile\"><figure class=\"wp-block-media-text__media\"><img loading=\"lazy\" decoding=\"async\" width=\"768\" height=\"1024\" src=\"http:\/\/delicmont.com\/wp-content\/uploads\/2024\/12\/20240428_170959-768x1024.jpg\" alt=\"\" class=\"wp-image-969 size-full\" srcset=\"http:\/\/delicmont.com\/wp-content\/uploads\/2024\/12\/20240428_170959-768x1024.jpg 768w, http:\/\/delicmont.com\/wp-content\/uploads\/2024\/12\/20240428_170959-225x300.jpg 225w, http:\/\/delicmont.com\/wp-content\/uploads\/2024\/12\/20240428_170959-1152x1536.jpg 1152w, http:\/\/delicmont.com\/wp-content\/uploads\/2024\/12\/20240428_170959-1536x2048.jpg 1536w, http:\/\/delicmont.com\/wp-content\/uploads\/2024\/12\/20240428_170959-scaled.jpg 1920w\" sizes=\"auto, (max-width: 768px) 100vw, 768px\" \/><\/figure><div class=\"wp-block-media-text__content\">\n<p><\/p>\n\n\n\n<h3 class=\"wp-block-heading\">Vodootpornost zamjenom hidroinstalacije<\/h3>\n\n\n\n<p>Nerijetko postupak renoviranja podrazumijeva i zamjenu <a href=\"https:\/\/delicmont.com\/hidroizolacija\/\" data-type=\"page\" data-id=\"825\">hidroinstalacije<\/a>. Ukoliko imate stare cijevi, mi \u0107emo ih zamijeniti novim. Rje\u0161avamo i sve probleme vodovodnih mre\u017ea, a pomo\u0107i \u0107emo Vam i prilikom odabira i instalacije sanitarnih ure\u0111aja.<\/p>\n\n\n\n<h3 class=\"wp-block-heading\"><img loading=\"lazy\" decoding=\"async\" width=\"60\" height=\"60\" class=\"wp-image-1483\" style=\"width: 60px;\" src=\"http:\/\/delicmont.com\/wp-content\/uploads\/2025\/01\/camera-1-1.png\" alt=\"\" srcset=\"http:\/\/delicmont.com\/wp-content\/uploads\/2025\/01\/camera-1-1.png 512w, http:\/\/delicmont.com\/wp-content\/uploads\/2025\/01\/camera-1-1-300x300.png 300w, http:\/\/delicmont.com\/wp-content\/uploads\/2025\/01\/camera-1-1-150x150.png 150w, http:\/\/delicmont.com\/wp-content\/uploads\/2025\/01\/camera-1-1-475x475.png 475w\" sizes=\"auto, (max-width: 60px) 100vw, 60px\" \/><a href=\"https:\/\/delicmont.com\/renoviranje-kupatila-projekti\/\">Foto galerija<\/a><\/h3>\n<\/div><\/div>\n\n\n\n<hr class=\"wp-block-separator has-alpha-channel-opacity\"\/>\n\n\n\n<h2 class=\"wp-block-heading\"><img loading=\"lazy\" decoding=\"async\" width=\"60\" height=\"60\" class=\"wp-image-1475\" style=\"width: 60px;\" src=\"http:\/\/delicmont.com\/wp-content\/uploads\/2025\/01\/qa.png\" alt=\"\" srcset=\"http:\/\/delicmont.com\/wp-content\/uploads\/2025\/01\/qa.png 512w, http:\/\/delicmont.com\/wp-content\/uploads\/2025\/01\/qa-300x300.png 300w, http:\/\/delicmont.com\/wp-content\/uploads\/2025\/01\/qa-150x150.png 150w, http:\/\/delicmont.com\/wp-content\/uploads\/2025\/01\/qa-475x475.png 475w\" sizes=\"auto, (max-width: 60px) 100vw, 60px\" \/>Pitanja i odgovori<\/h2>\n\n\n<div ><style>#sp-ea-632 .spcollapsing { height: 0; overflow: hidden; transition-property: height;transition-duration: 300ms;}#sp-ea-632.sp-easy-accordion>.sp-ea-single {margin-bottom: 10px; border: 1px solid #e2e2e2; }#sp-ea-632.sp-easy-accordion>.sp-ea-single>.ea-header a {color: #444;}#sp-ea-632.sp-easy-accordion>.sp-ea-single>.sp-collapse>.ea-body {background: #fff; color: #444;}#sp-ea-632.sp-easy-accordion>.sp-ea-single {background: #eee;}#sp-ea-632.sp-easy-accordion>.sp-ea-single>.ea-header a .ea-expand-icon { float: left; color: #444;font-size: 16px;}<\/style><div id=\"sp_easy_accordion-1729825990\"><div id=\"sp-ea-632\" class=\"sp-ea-one sp-easy-accordion\" data-ea-active=\"ea-click\" data-ea-mode=\"vertical\" data-preloader=\"\" data-scroll-active-item=\"\" data-offset-to-scroll=\"0\"><div class=\"ea-card ea-expand sp-ea-single\"><h3 class=\"ea-header\"><a class=\"collapsed\" id=\"ea-header-6320\" role=\"button\" data-sptoggle=\"spcollapse\" data-sptarget=\"#collapse6320\" aria-controls=\"collapse6320\" href=\"#\" aria-expanded=\"true\" tabindex=\"0\"><i aria-hidden=\"true\" role=\"presentation\" class=\"ea-expand-icon eap-icon-ea-expand-minus\"><\/i> Nudi li Deli\u0107Mont kompletnu uslugu renoviranja?<\/a><\/h3><div class=\"sp-collapse spcollapse collapsed show\" id=\"collapse6320\" data-parent=\"#sp-ea-632\" role=\"region\" aria-labelledby=\"ea-header-6320\"> <div class=\"ea-body\"><p>Ako tra\u017eite vrhunskog stru\u010dnjaka za renoviranje i adaptaciju kupatila,&nbsp;<strong>Deli\u0107Mont<\/strong>&nbsp;je prava adresa. Kao profesionalni kerami\u010dar sa vi\u0161egodi\u0161njim iskustvom u renoviranju i adaptaciji kupatila, nudimo Vam kompletnu uslugu od dizajna do izvo\u0111enja radova.<\/p><\/div><\/div><\/div><div class=\"ea-card sp-ea-single\"><h3 class=\"ea-header\"><a class=\"collapsed\" id=\"ea-header-6321\" role=\"button\" data-sptoggle=\"spcollapse\" data-sptarget=\"#collapse6321\" aria-controls=\"collapse6321\" href=\"#\" aria-expanded=\"false\" tabindex=\"0\"><i aria-hidden=\"true\" role=\"presentation\" class=\"ea-expand-icon eap-icon-ea-expand-plus\"><\/i> \u0160ta obuhvata usluga Deli\u0107Mont-a?<\/a><\/h3><div class=\"sp-collapse spcollapse \" id=\"collapse6321\" data-parent=\"#sp-ea-632\" role=\"region\" aria-labelledby=\"ea-header-6321\"> <div class=\"ea-body\"><p>Usluga obuhvata:<\/p><ul class=\"wp-block-list\"><li>Izradu projektnog re\u0161enja<\/li><li>Izbor i ugradnju kerami\u010dkih plo\u010dica, sanitarija i osvetljenja<\/li><li>Prijedlog rasporeda za maksimalnu funkcionalnost kupatila<\/li><li>Zamjenu hidrauli\u010dkih instalacija<\/li><li>Ugradnju novih ure\u0111aja sa ni\u017eom potro\u0161njom vode<\/li><li>Izvo\u0111enje svih radova u skladu sa va\u0161im \u017eeljama i potrebama<\/li><\/ul><\/div><\/div><\/div><div class=\"ea-card sp-ea-single\"><h3 class=\"ea-header\"><a class=\"collapsed\" id=\"ea-header-6322\" role=\"button\" data-sptoggle=\"spcollapse\" data-sptarget=\"#collapse6322\" aria-controls=\"collapse6322\" href=\"#\" aria-expanded=\"false\" tabindex=\"0\"><i aria-hidden=\"true\" role=\"presentation\" class=\"ea-expand-icon eap-icon-ea-expand-plus\"><\/i> Da li Deli\u0107Mont nudi usluge renoviranja kupatila i kuhinje u isto vrijeme?<\/a><\/h3><div class=\"sp-collapse spcollapse \" id=\"collapse6322\" data-parent=\"#sp-ea-632\" role=\"region\" aria-labelledby=\"ea-header-6322\"> <div class=\"ea-body\"><p>Da, Deli\u0107Mont pru\u017ea uslue renoviranja kupatila i kuhinje u isto vrijeme. Premda mo\u017eete raditi renoviranje pojedina\u010dno,&nbsp;za vec\u0301inu nas, prilika da renoviramo kuhinju i kupatilo u isto vrijeme bila bi idealan scenario. Uz malo strpljenja i uz odre\u0111eno finansijsko planiranje, mogli biste u\u0161tedjeti vrijeme i novac radec\u0301i projekte zajedno.&nbsp;<\/p><\/div><\/div><\/div><\/div><\/div><\/div>\n\n\n<hr class=\"wp-block-separator has-alpha-channel-opacity\"\/>\n\n\n\n<h2 class=\"wp-block-heading has-text-align-left\"><img loading=\"lazy\" decoding=\"async\" width=\"60\" height=\"60\" class=\"wp-image-1483\" style=\"width: 60px;\" src=\"http:\/\/delicmont.com\/wp-content\/uploads\/2025\/01\/camera-1-1.png\" alt=\"\" srcset=\"http:\/\/delicmont.com\/wp-content\/uploads\/2025\/01\/camera-1-1.png 512w, http:\/\/delicmont.com\/wp-content\/uploads\/2025\/01\/camera-1-1-300x300.png 300w, http:\/\/delicmont.com\/wp-content\/uploads\/2025\/01\/camera-1-1-150x150.png 150w, http:\/\/delicmont.com\/wp-content\/uploads\/2025\/01\/camera-1-1-475x475.png 475w\" sizes=\"auto, (max-width: 60px) 100vw, 60px\" \/> Na\u0161i projekti &#8211; foto galerije<\/h2>\n\n\n<div ><style>#sp-ea-614 .spcollapsing { height: 0; overflow: hidden; transition-property: height;transition-duration: 300ms;}#sp-ea-614.sp-easy-accordion>.sp-ea-single {margin-bottom: 10px; border: 1px solid #e2e2e2; }#sp-ea-614.sp-easy-accordion>.sp-ea-single>.ea-header a {color: #444;}#sp-ea-614.sp-easy-accordion>.sp-ea-single>.sp-collapse>.ea-body {background: #fff; color: #444;}#sp-ea-614.sp-easy-accordion>.sp-ea-single {background: #eee;}#sp-ea-614.sp-easy-accordion>.sp-ea-single>.ea-header a .ea-expand-icon { float: left; color: #444;font-size: 16px;}<\/style><div id=\"sp_easy_accordion-1729798600\"><div id=\"sp-ea-614\" class=\"sp-ea-one sp-easy-accordion\" data-ea-active=\"ea-click\" data-ea-mode=\"vertical\" data-preloader=\"\" data-scroll-active-item=\"\" data-offset-to-scroll=\"0\"><div class=\"ea-card sp-ea-single\"><h3 class=\"ea-header\"><a class=\"collapsed\" id=\"ea-header-6140\" role=\"button\" data-sptoggle=\"spcollapse\" data-sptarget=\"#collapse6140\" aria-controls=\"collapse6140\" href=\"#\" aria-expanded=\"false\" tabindex=\"0\"><i aria-hidden=\"true\" role=\"presentation\" class=\"ea-expand-icon eap-icon-ea-expand-plus\"><\/i> Renoviranje kupatila &#8211; Projekat &#8211; Mart 2024<\/a><\/h3><div class=\"sp-collapse spcollapse spcollapse\" id=\"collapse6140\" data-parent=\"#sp-ea-614\" role=\"region\" aria-labelledby=\"ea-header-6140\"> <div class=\"ea-body\">ngg_shortcode_0_placeholder<\/div><\/div><\/div><\/div><\/div><\/div>\n\n<div ><style>#sp-ea-635 .spcollapsing { height: 0; overflow: hidden; transition-property: height;transition-duration: 300ms;}#sp-ea-635.sp-easy-accordion>.sp-ea-single {margin-bottom: 10px; border: 1px solid #e2e2e2; }#sp-ea-635.sp-easy-accordion>.sp-ea-single>.ea-header a {color: #444;}#sp-ea-635.sp-easy-accordion>.sp-ea-single>.sp-collapse>.ea-body {background: #fff; color: #444;}#sp-ea-635.sp-easy-accordion>.sp-ea-single {background: #eee;}#sp-ea-635.sp-easy-accordion>.sp-ea-single>.ea-header a .ea-expand-icon { float: left; color: #444;font-size: 16px;}<\/style><div id=\"sp_easy_accordion-1729826454\"><div id=\"sp-ea-635\" class=\"sp-ea-one sp-easy-accordion\" data-ea-active=\"ea-click\" data-ea-mode=\"vertical\" data-preloader=\"\" data-scroll-active-item=\"\" data-offset-to-scroll=\"0\"><div class=\"ea-card sp-ea-single\"><h3 class=\"ea-header\"><a class=\"collapsed\" id=\"ea-header-6350\" role=\"button\" data-sptoggle=\"spcollapse\" data-sptarget=\"#collapse6350\" aria-controls=\"collapse6350\" href=\"#\" aria-expanded=\"false\" tabindex=\"0\"><i aria-hidden=\"true\" role=\"presentation\" class=\"ea-expand-icon eap-icon-ea-expand-plus\"><\/i> Oblaganje kuhinje &#8211; Foto galerija<\/a><\/h3><div class=\"sp-collapse spcollapse spcollapse\" id=\"collapse6350\" data-parent=\"#sp-ea-635\" role=\"region\" aria-labelledby=\"ea-header-6350\"> <div class=\"ea-body\"><p>ngg_shortcode_1_placeholderngg_shortcode_2_placeholder<\/p><\/div><\/div><\/div><\/div><\/div><\/div>\n\n\n<hr class=\"wp-block-separator has-alpha-channel-opacity\"\/>\n\n\n\n<h2 class=\"wp-block-heading\"><img loading=\"lazy\" decoding=\"async\" width=\"60\" height=\"60\" class=\"wp-image-1486\" style=\"width: 60px;\" src=\"http:\/\/delicmont.com\/wp-content\/uploads\/2025\/01\/mail.png\" alt=\"\" srcset=\"http:\/\/delicmont.com\/wp-content\/uploads\/2025\/01\/mail.png 512w, http:\/\/delicmont.com\/wp-content\/uploads\/2025\/01\/mail-300x300.png 300w, http:\/\/delicmont.com\/wp-content\/uploads\/2025\/01\/mail-150x150.png 150w, http:\/\/delicmont.com\/wp-content\/uploads\/2025\/01\/mail-475x475.png 475w\" sizes=\"auto, (max-width: 60px) 100vw, 60px\" \/> Popunite formular &#8211; kontaktirajte nas<\/h2>\n\n\n<div ><style>#sp-ea-708 .spcollapsing { height: 0; overflow: hidden; transition-property: height;transition-duration: 300ms;}#sp-ea-708.sp-easy-accordion>.sp-ea-single {margin-bottom: 10px; border: 1px solid #e2e2e2; }#sp-ea-708.sp-easy-accordion>.sp-ea-single>.ea-header a {color: #444;}#sp-ea-708.sp-easy-accordion>.sp-ea-single>.sp-collapse>.ea-body {background: #fff; color: #444;}#sp-ea-708.sp-easy-accordion>.sp-ea-single {background: #eee;}#sp-ea-708.sp-easy-accordion>.sp-ea-single>.ea-header a .ea-expand-icon { float: left; color: #444;font-size: 16px;}<\/style><div id=\"sp_easy_accordion-1730168532\"><div id=\"sp-ea-708\" class=\"sp-ea-one sp-easy-accordion\" data-ea-active=\"ea-click\" data-ea-mode=\"vertical\" data-preloader=\"\" data-scroll-active-item=\"\" data-offset-to-scroll=\"0\"><div class=\"ea-card sp-ea-single\"><h3 class=\"ea-header\"><a class=\"collapsed\" id=\"ea-header-7080\" role=\"button\" data-sptoggle=\"spcollapse\" data-sptarget=\"#collapse7080\" aria-controls=\"collapse7080\" href=\"#\" aria-expanded=\"false\" tabindex=\"0\"><i aria-hidden=\"true\" role=\"presentation\" class=\"ea-expand-icon eap-icon-ea-expand-plus\"><\/i> Deli\u0107mont &#8211; Kontakt forumlar <\/a><\/h3><div class=\"sp-collapse spcollapse spcollapse\" id=\"collapse7080\" data-parent=\"#sp-ea-708\" role=\"region\" aria-labelledby=\"ea-header-7080\"> <div class=\"ea-body\"><div class=\"wpcf7 no-js\" id=\"wpcf7-f110-o1\" lang=\"en-US\" dir=\"ltr\" data-wpcf7-id=\"110\"><div class=\"screen-reader-response\"><p role=\"status\" aria-live=\"polite\" aria-atomic=\"true\"><\/p> <ul><\/ul><\/div><form action=\"\/en\/wp-json\/wp\/v2\/pages\/38#wpcf7-f110-o1\" method=\"post\" class=\"wpcf7-form init\" aria-label=\"Contact form\" novalidate=\"novalidate\" data-status=\"init\"><fieldset class=\"hidden-fields-container\"><input type=\"hidden\" name=\"_wpcf7\" value=\"110\" \/><input type=\"hidden\" name=\"_wpcf7_version\" value=\"6.1.5\" \/><input type=\"hidden\" name=\"_wpcf7_locale\" value=\"en_US\" \/><input type=\"hidden\" name=\"_wpcf7_unit_tag\" value=\"wpcf7-f110-o1\" \/><input type=\"hidden\" name=\"_wpcf7_container_post\" value=\"0\" \/><input type=\"hidden\" name=\"_wpcf7_posted_data_hash\" value=\"\" \/><\/fieldset><head> <script src=\"https:\/\/www.google.com\/recaptcha\/enterprise.js?render=6LeuR2AqAAAAAIz5RJAndoHAbMvvWnLRVPby1Ww4\"><\/script> <\/head><p><label> Va\u0161e ime<br \/><span class=\"wpcf7-form-control-wrap\" data-name=\"your-name\"><input size=\"40\" maxlength=\"400\" class=\"wpcf7-form-control wpcf7-text wpcf7-validates-as-required\" autocomplete=\"name\" aria-required=\"true\" aria-invalid=\"false\" value=\"\" type=\"text\" name=\"your-name\" \/><\/span> <\/label><\/p><p><label> Va\u0161a e-mail adresa<br \/><span class=\"wpcf7-form-control-wrap\" data-name=\"your-email\"><input size=\"40\" maxlength=\"400\" class=\"wpcf7-form-control wpcf7-email wpcf7-validates-as-required wpcf7-text wpcf7-validates-as-email\" autocomplete=\"email\" aria-required=\"true\" aria-invalid=\"false\" value=\"\" type=\"email\" name=\"your-email\" \/><\/span> <\/label><\/p><p><label> Va\u0161 telefon<br \/><span class=\"wpcf7-form-control-wrap\" data-name=\"tel-690\"><input size=\"40\" maxlength=\"400\" class=\"wpcf7-form-control wpcf7-tel wpcf7-text wpcf7-validates-as-tel\" aria-invalid=\"false\" value=\"\" type=\"tel\" name=\"tel-690\" \/><\/span><\/label><\/p><p><label> Predmet<br \/><span class=\"wpcf7-form-control-wrap\" data-name=\"your-subject\"><input size=\"40\" maxlength=\"400\" class=\"wpcf7-form-control wpcf7-text wpcf7-validates-as-required\" aria-required=\"true\" aria-invalid=\"false\" value=\"\" type=\"text\" name=\"your-subject\" \/><\/span> <\/label><\/p><p><label> Odaberie vrstu usluge za koju ste zaijnteresovani<br \/><span class=\"wpcf7-form-control-wrap\" data-name=\"menu-728\"><select class=\"wpcf7-form-control wpcf7-select wpcf7-validates-as-required\" aria-required=\"true\" aria-invalid=\"false\" multiple=\"multiple\" name=\"menu-728[]\"><option value=\"\">&#8212;Please choose an option&#8212;<\/option><option value=\"Renoviranje kupatila\">Renoviranje kupatila<\/option><option value=\"Renoviranje kuhinje\">Renoviranje kuhinje<\/option><option value=\"Renoviranje stepenica\">Renoviranje stepenica<\/option><option value=\"Renoviranje potkorvlja\">Renoviranje potkorvlja<\/option><\/select><\/span><\/label><\/p><p><label> Va\u0161a poruka (optional)<br \/><span class=\"wpcf7-form-control-wrap\" data-name=\"your-message\"><textarea cols=\"40\" rows=\"10\" maxlength=\"2000\" class=\"wpcf7-form-control wpcf7-textarea\" aria-invalid=\"false\" name=\"your-message\"><\/textarea><\/span> <\/label><\/p><p><span class=\"wpcf7-form-control-wrap\" data-name=\"quiz-543\"><label><span class=\"wpcf7-quiz-label\">The capital of Brazil?<\/span> <input size=\"40\" class=\"wpcf7-form-control wpcf7-quiz\" autocomplete=\"off\" aria-required=\"true\" aria-invalid=\"false\" type=\"text\" name=\"quiz-543\" \/><\/label><input type=\"hidden\" name=\"_wpcf7_quiz_answer_quiz-543\" value=\"5eadddd20bdb7bd4abcf79d9e52740fb\" \/><\/span><\/p><p><input class=\"wpcf7-form-control wpcf7-submit has-spinner\" type=\"submit\" value=\"Submit\" \/><\/p><p><script> function onClick(e) { e.preventDefault(); grecaptcha.enterprise.ready(async () => { const token = await grecaptcha.enterprise.execute('6LeuR2AqAAAAAIz5RJAndoHAbMvvWnLRVPby1Ww4', {action: 'LOGIN'}); }); }<\/script><\/p><p style=\"display: none !important;\" class=\"akismet-fields-container\" data-prefix=\"_wpcf7_ak_\"><label>&#916;<textarea name=\"_wpcf7_ak_hp_textarea\" cols=\"45\" rows=\"8\" maxlength=\"100\"><\/textarea><\/label><input type=\"hidden\" id=\"ak_js_1\" name=\"_wpcf7_ak_js\" value=\"158\"\/><script type=\"text\/javascript\">\/* <![CDATA[ *\/ document.getElementById( \"ak_js_1\" ).setAttribute( \"value\", ( new Date() ).getTime() ); \/* ]]> *\/<\/script><\/p><div class=\"wpcf7-response-output\" aria-hidden=\"true\"><\/div><\/form><\/div><\/div><\/div><\/div><\/div><\/div><\/div>\n\n\n<p><\/p>\n","protected":false},"excerpt":{"rendered":"<p>Renoviranje kupatila i kuhinja &#8211; \u0161ta donosi? Unapre\u0111enje funkcionalnosti i estetike Renoviranje kupatila ili kuhinje predstavlja proces koji obuhvata adaptaciju i pobolj\u0161anje kvaliteta postoje\u0107eg objekta u cilju unapre\u0111enja njegove funkcionalnosti i estetike. Ukoliko planirate renoviranje kupatila ili kuhinje, vrlo je va\u017eno da to urade stru\u010dnjaci koji imaju plan i iskustvo.&hellip;<\/p>","protected":false},"author":1,"featured_media":0,"parent":0,"menu_order":0,"comment_status":"closed","ping_status":"closed","template":"","meta":{"ngg_post_thumbnail":0,"footnotes":""},"class_list":["post-38","page","type-page","status-publish","hentry"],"_links":{"self":[{"href":"http:\/\/delicmont.com\/en\/wp-json\/wp\/v2\/pages\/38","targetHints":{"allow":["GET"]}}],"collection":[{"href":"http:\/\/delicmont.com\/en\/wp-json\/wp\/v2\/pages"}],"about":[{"href":"http:\/\/delicmont.com\/en\/wp-json\/wp\/v2\/types\/page"}],"author":[{"embeddable":true,"href":"http:\/\/delicmont.com\/en\/wp-json\/wp\/v2\/users\/1"}],"replies":[{"embeddable":true,"href":"http:\/\/delicmont.com\/en\/wp-json\/wp\/v2\/comments?post=38"}],"version-history":[{"count":57,"href":"http:\/\/delicmont.com\/en\/wp-json\/wp\/v2\/pages\/38\/revisions"}],"predecessor-version":[{"id":1522,"href":"http:\/\/delicmont.com\/en\/wp-json\/wp\/v2\/pages\/38\/revisions\/1522"}],"wp:attachment":[{"href":"http:\/\/delicmont.com\/en\/wp-json\/wp\/v2\/media?parent=38"}],"curies":[{"name":"wp","href":"https:\/\/api.w.org\/{rel}","templated":true}]}}