{"id":1688,"date":"2026-04-30T14:32:10","date_gmt":"2026-04-30T14:32:10","guid":{"rendered":"https:\/\/delicmont.com\/?page_id=1688"},"modified":"2026-04-30T14:44:49","modified_gmt":"2026-04-30T14:44:49","slug":"uredjenje-recepcije-i-prijemne-sobe","status":"publish","type":"page","link":"http:\/\/delicmont.com\/en\/uredjenje-recepcije-i-prijemne-sobe\/","title":{"rendered":"Reception and lobby design \/ interior arrangement of the reception area and waiting room"},"content":{"rendered":"<p>The reception and lobby design project is based on creating a sophisticated space that leaves a strong first impression. By using high-quality ceramics, a balance of durability, functionality, and modern design is achieved.<\/p>\n\n\n\n<p>The central element is the reception counter, made from a combination of ceramic and natural wood, creating a balance between elegance and warmth. The ceramic ensures durability and easy maintenance, while the wood contributes to a pleasant and refined atmosphere.<\/p>\n\n\n\n<figure class=\"wp-block-gallery has-nested-images columns-default is-cropped wp-block-gallery-1 is-layout-flex wp-block-gallery-is-layout-flex\">\n<figure class=\"wp-block-image size-large\"><img loading=\"lazy\" decoding=\"async\" width=\"768\" height=\"1024\" data-id=\"1705\" src=\"https:\/\/delicmont.com\/wp-content\/uploads\/2026\/04\/IMG-20260430-WA0002-1-768x1024.jpg\" alt=\"\" class=\"wp-image-1705\" srcset=\"http:\/\/delicmont.com\/wp-content\/uploads\/2026\/04\/IMG-20260430-WA0002-1-768x1024.jpg 768w, http:\/\/delicmont.com\/wp-content\/uploads\/2026\/04\/IMG-20260430-WA0002-1-225x300.jpg 225w, http:\/\/delicmont.com\/wp-content\/uploads\/2026\/04\/IMG-20260430-WA0002-1-1152x1536.jpg 1152w, http:\/\/delicmont.com\/wp-content\/uploads\/2026\/04\/IMG-20260430-WA0002-1-9x12.jpg 9w, http:\/\/delicmont.com\/wp-content\/uploads\/2026\/04\/IMG-20260430-WA0002-1.jpg 1500w\" sizes=\"auto, (max-width: 768px) 100vw, 768px\" \/><\/figure>\n\n\n\n<figure class=\"wp-block-image size-large\"><img loading=\"lazy\" decoding=\"async\" width=\"768\" height=\"1024\" data-id=\"1699\" src=\"https:\/\/delicmont.com\/wp-content\/uploads\/2026\/04\/IMG-20260430-WA0006-768x1024.jpg\" alt=\"\" class=\"wp-image-1699\" srcset=\"http:\/\/delicmont.com\/wp-content\/uploads\/2026\/04\/IMG-20260430-WA0006-768x1024.jpg 768w, http:\/\/delicmont.com\/wp-content\/uploads\/2026\/04\/IMG-20260430-WA0006-225x300.jpg 225w, http:\/\/delicmont.com\/wp-content\/uploads\/2026\/04\/IMG-20260430-WA0006-1152x1536.jpg 1152w, http:\/\/delicmont.com\/wp-content\/uploads\/2026\/04\/IMG-20260430-WA0006-9x12.jpg 9w, http:\/\/delicmont.com\/wp-content\/uploads\/2026\/04\/IMG-20260430-WA0006.jpg 1500w\" sizes=\"auto, (max-width: 768px) 100vw, 768px\" \/><\/figure>\n\n\n\n<figure class=\"wp-block-image size-large\"><img loading=\"lazy\" decoding=\"async\" width=\"768\" height=\"1024\" data-id=\"1700\" src=\"https:\/\/delicmont.com\/wp-content\/uploads\/2026\/04\/IMG-20260430-WA0007-768x1024.jpg\" alt=\"\" class=\"wp-image-1700\" srcset=\"http:\/\/delicmont.com\/wp-content\/uploads\/2026\/04\/IMG-20260430-WA0007-768x1024.jpg 768w, http:\/\/delicmont.com\/wp-content\/uploads\/2026\/04\/IMG-20260430-WA0007-225x300.jpg 225w, http:\/\/delicmont.com\/wp-content\/uploads\/2026\/04\/IMG-20260430-WA0007-1152x1536.jpg 1152w, http:\/\/delicmont.com\/wp-content\/uploads\/2026\/04\/IMG-20260430-WA0007-9x12.jpg 9w, http:\/\/delicmont.com\/wp-content\/uploads\/2026\/04\/IMG-20260430-WA0007.jpg 1500w\" sizes=\"auto, (max-width: 768px) 100vw, 768px\" \/><\/figure>\n\n\n\n<figure class=\"wp-block-image size-large\"><img loading=\"lazy\" decoding=\"async\" width=\"768\" height=\"1024\" data-id=\"1706\" src=\"https:\/\/delicmont.com\/wp-content\/uploads\/2026\/04\/IMG-20260430-WA0003-1-768x1024.jpg\" alt=\"\" class=\"wp-image-1706\" srcset=\"http:\/\/delicmont.com\/wp-content\/uploads\/2026\/04\/IMG-20260430-WA0003-1-768x1024.jpg 768w, http:\/\/delicmont.com\/wp-content\/uploads\/2026\/04\/IMG-20260430-WA0003-1-225x300.jpg 225w, http:\/\/delicmont.com\/wp-content\/uploads\/2026\/04\/IMG-20260430-WA0003-1-1152x1536.jpg 1152w, http:\/\/delicmont.com\/wp-content\/uploads\/2026\/04\/IMG-20260430-WA0003-1-9x12.jpg 9w, http:\/\/delicmont.com\/wp-content\/uploads\/2026\/04\/IMG-20260430-WA0003-1.jpg 1500w\" sizes=\"auto, (max-width: 768px) 100vw, 768px\" \/><\/figure>\n\n\n\n<figure class=\"wp-block-image size-large\"><img loading=\"lazy\" decoding=\"async\" width=\"768\" height=\"1024\" data-id=\"1698\" src=\"https:\/\/delicmont.com\/wp-content\/uploads\/2026\/04\/IMG-20260430-WA0009-768x1024.jpg\" alt=\"\" class=\"wp-image-1698\" srcset=\"http:\/\/delicmont.com\/wp-content\/uploads\/2026\/04\/IMG-20260430-WA0009-768x1024.jpg 768w, http:\/\/delicmont.com\/wp-content\/uploads\/2026\/04\/IMG-20260430-WA0009-225x300.jpg 225w, http:\/\/delicmont.com\/wp-content\/uploads\/2026\/04\/IMG-20260430-WA0009-1152x1536.jpg 1152w, http:\/\/delicmont.com\/wp-content\/uploads\/2026\/04\/IMG-20260430-WA0009-9x12.jpg 9w, http:\/\/delicmont.com\/wp-content\/uploads\/2026\/04\/IMG-20260430-WA0009.jpg 1500w\" sizes=\"auto, (max-width: 768px) 100vw, 768px\" \/><\/figure>\n\n\n\n<figure class=\"wp-block-image size-large\"><img loading=\"lazy\" decoding=\"async\" width=\"768\" height=\"1024\" data-id=\"1701\" src=\"https:\/\/delicmont.com\/wp-content\/uploads\/2026\/04\/IMG-20260430-WA0011-768x1024.jpg\" alt=\"\" class=\"wp-image-1701\" srcset=\"http:\/\/delicmont.com\/wp-content\/uploads\/2026\/04\/IMG-20260430-WA0011-768x1024.jpg 768w, http:\/\/delicmont.com\/wp-content\/uploads\/2026\/04\/IMG-20260430-WA0011-225x300.jpg 225w, http:\/\/delicmont.com\/wp-content\/uploads\/2026\/04\/IMG-20260430-WA0011-1152x1536.jpg 1152w, http:\/\/delicmont.com\/wp-content\/uploads\/2026\/04\/IMG-20260430-WA0011-9x12.jpg 9w, http:\/\/delicmont.com\/wp-content\/uploads\/2026\/04\/IMG-20260430-WA0011.jpg 1500w\" sizes=\"auto, (max-width: 768px) 100vw, 768px\" \/><\/figure>\n\n\n\n<figure class=\"wp-block-image size-large\"><img loading=\"lazy\" decoding=\"async\" width=\"768\" height=\"1024\" data-id=\"1702\" src=\"https:\/\/delicmont.com\/wp-content\/uploads\/2026\/04\/IMG-20260430-WA0012-768x1024.jpg\" alt=\"\" class=\"wp-image-1702\" srcset=\"http:\/\/delicmont.com\/wp-content\/uploads\/2026\/04\/IMG-20260430-WA0012-768x1024.jpg 768w, http:\/\/delicmont.com\/wp-content\/uploads\/2026\/04\/IMG-20260430-WA0012-225x300.jpg 225w, http:\/\/delicmont.com\/wp-content\/uploads\/2026\/04\/IMG-20260430-WA0012-1152x1536.jpg 1152w, http:\/\/delicmont.com\/wp-content\/uploads\/2026\/04\/IMG-20260430-WA0012-9x12.jpg 9w, http:\/\/delicmont.com\/wp-content\/uploads\/2026\/04\/IMG-20260430-WA0012.jpg 1500w\" sizes=\"auto, (max-width: 768px) 100vw, 768px\" \/><\/figure>\n\n\n\n<figure class=\"wp-block-image size-large\"><img loading=\"lazy\" decoding=\"async\" width=\"768\" height=\"1024\" data-id=\"1703\" src=\"https:\/\/delicmont.com\/wp-content\/uploads\/2026\/04\/IMG-20260430-WA0013-768x1024.jpg\" alt=\"\" class=\"wp-image-1703\" srcset=\"http:\/\/delicmont.com\/wp-content\/uploads\/2026\/04\/IMG-20260430-WA0013-768x1024.jpg 768w, http:\/\/delicmont.com\/wp-content\/uploads\/2026\/04\/IMG-20260430-WA0013-225x300.jpg 225w, http:\/\/delicmont.com\/wp-content\/uploads\/2026\/04\/IMG-20260430-WA0013-1152x1536.jpg 1152w, http:\/\/delicmont.com\/wp-content\/uploads\/2026\/04\/IMG-20260430-WA0013-9x12.jpg 9w, http:\/\/delicmont.com\/wp-content\/uploads\/2026\/04\/IMG-20260430-WA0013.jpg 1500w\" sizes=\"auto, (max-width: 768px) 100vw, 768px\" \/><\/figure>\n<\/figure>\n\n\n\n<p>The overall ambience is designed to exude sophistication and elegance, creating a premium experience that immediately attracts and impresses visitors at first glance.<\/p>\n\n\n\n<p>For a non-binding offer and the development of a complete project, from concept to realization, using high-quality materials and tools, please contact DelicMont. <a href=\"https:\/\/delicmont.com\/en\/contact\/\" data-type=\"page\" data-id=\"9\">DelicMont<\/a>.<\/p>\n\n\n\n<p><\/p>","protected":false},"excerpt":{"rendered":"<p>Projekat ure\u0111enja recepcije i prijemne prostorije zasniva se na stvaranju sofisticiranog prostora koji ostavlja sna\u017ean prvi utisak. Upotrebom visokokvalitetne keramike posti\u017ee se spoj trajnosti, funkcionalnosti i modernog dizajna. Centralni element je recepcijski pult, izra\u0111en u kombinaciji keramike i prirodnog drveta, \u010dime se posti\u017ee balans izme\u0111u elegancije i topline. Keramika obezbe\u0111uje&hellip;<\/p>","protected":false},"author":1,"featured_media":0,"parent":0,"menu_order":0,"comment_status":"closed","ping_status":"closed","template":"","meta":{"ngg_post_thumbnail":0,"footnotes":""},"class_list":["post-1688","page","type-page","status-publish","hentry"],"_links":{"self":[{"href":"http:\/\/delicmont.com\/en\/wp-json\/wp\/v2\/pages\/1688","targetHints":{"allow":["GET"]}}],"collection":[{"href":"http:\/\/delicmont.com\/en\/wp-json\/wp\/v2\/pages"}],"about":[{"href":"http:\/\/delicmont.com\/en\/wp-json\/wp\/v2\/types\/page"}],"author":[{"embeddable":true,"href":"http:\/\/delicmont.com\/en\/wp-json\/wp\/v2\/users\/1"}],"replies":[{"embeddable":true,"href":"http:\/\/delicmont.com\/en\/wp-json\/wp\/v2\/comments?post=1688"}],"version-history":[{"count":2,"href":"http:\/\/delicmont.com\/en\/wp-json\/wp\/v2\/pages\/1688\/revisions"}],"predecessor-version":[{"id":1707,"href":"http:\/\/delicmont.com\/en\/wp-json\/wp\/v2\/pages\/1688\/revisions\/1707"}],"wp:attachment":[{"href":"http:\/\/delicmont.com\/en\/wp-json\/wp\/v2\/media?parent=1688"}],"curies":[{"name":"wp","href":"https:\/\/api.w.org\/{rel}","templated":true}]}}