{"id":1640,"date":"2026-04-30T10:18:25","date_gmt":"2026-04-30T10:18:25","guid":{"rendered":"https:\/\/delicmont.com\/?page_id=1640"},"modified":"2026-04-30T10:30:08","modified_gmt":"2026-04-30T10:30:08","slug":"zastakljena-zimnska-basta","status":"publish","type":"page","link":"http:\/\/delicmont.com\/en\/zastakljena-zimnska-basta\/","title":{"rendered":"Glazed winter garden"},"content":{"rendered":"<h2 class=\"wp-block-heading\">Glazing (enclosure) of an existing covered terrace<\/h2>\n\n\n\n<p>The glazing of the existing covered terrace was carried out by installing window elements with insect screens, thereby enclosing the space and improving its functionality. The existing roof structure with visible attic beams has been retained, and thermal insulation has been installed between the beams. Lighting has also been installed in the space.<\/p>\n\n\nngg_shortcode_0_placeholder\n\n\n\n<p><\/p>","protected":false},"excerpt":{"rendered":"<p>Zastakljivanje postoje\u0107e natkrivene terase Zastakljivanje postoje\u0107e natkrivene terase izvedeno je ugradnjom prozorskih elemenata sa komarnicima, \u010dime je prostor zatvoren i funkcionalno unaprije\u0111en. Postoje\u0107a krovna konstrukcija sa vidljivim potkrovnim gredama je zadr\u017eana, a izme\u0111u greda je postavljena termoizolacija. U prostoru je izvedena i rasvjeta.<\/p>","protected":false},"author":1,"featured_media":0,"parent":0,"menu_order":0,"comment_status":"closed","ping_status":"closed","template":"","meta":{"ngg_post_thumbnail":0,"footnotes":""},"class_list":["post-1640","page","type-page","status-publish","hentry"],"_links":{"self":[{"href":"http:\/\/delicmont.com\/en\/wp-json\/wp\/v2\/pages\/1640","targetHints":{"allow":["GET"]}}],"collection":[{"href":"http:\/\/delicmont.com\/en\/wp-json\/wp\/v2\/pages"}],"about":[{"href":"http:\/\/delicmont.com\/en\/wp-json\/wp\/v2\/types\/page"}],"author":[{"embeddable":true,"href":"http:\/\/delicmont.com\/en\/wp-json\/wp\/v2\/users\/1"}],"replies":[{"embeddable":true,"href":"http:\/\/delicmont.com\/en\/wp-json\/wp\/v2\/comments?post=1640"}],"version-history":[{"count":4,"href":"http:\/\/delicmont.com\/en\/wp-json\/wp\/v2\/pages\/1640\/revisions"}],"predecessor-version":[{"id":1657,"href":"http:\/\/delicmont.com\/en\/wp-json\/wp\/v2\/pages\/1640\/revisions\/1657"}],"wp:attachment":[{"href":"http:\/\/delicmont.com\/en\/wp-json\/wp\/v2\/media?parent=1640"}],"curies":[{"name":"wp","href":"https:\/\/api.w.org\/{rel}","templated":true}]}}