{"id":1411,"date":"2025-01-01T00:44:34","date_gmt":"2025-01-01T00:44:34","guid":{"rendered":"https:\/\/delicmont.com\/?page_id=1411"},"modified":"2025-11-13T18:04:55","modified_gmt":"2025-11-13T18:04:55","slug":"oblaganje-keramikom-luksuznog-objekta-fotogalerija","status":"publish","type":"page","link":"http:\/\/delicmont.com\/en\/oblaganje-keramikom-luksuznog-objekta-fotogalerija\/","title":{"rendered":"Oblaganje keramikom luksuznog objekta &#8211; fotogalerija"},"content":{"rendered":"<style type=\"text\/css\">\n#foogallery-gallery-1397 .fg-image { width: 150px; }\n#foogallery-gallery-1397 { --fg-gutter: 10px; }<\/style>\n\t\t\t<div class=\"foogallery foogallery-container foogallery-default foogallery-lightbox-foogallery fg-center fg-default fg-ready fg-light fg-border-thin fg-shadow-outline fg-loading-default fg-loaded-fade-in fg-caption-hover fg-hover-fade fg-hover-zoom\" id=\"foogallery-gallery-1397\" data-foogallery=\"{&quot;item&quot;:{&quot;showCaptionTitle&quot;:true,&quot;showCaptionDescription&quot;:true},&quot;lazy&quot;:true}\" data-foogallery-lightbox=\"{&quot;thumbs&quot;:&quot;bottom&quot;,&quot;thumbsCaptions&quot;:false,&quot;thumbsBestFit&quot;:false,&quot;thumbsSmall&quot;:false,&quot;thumbsCaptionsAlign&quot;:&quot;default&quot;,&quot;info&quot;:&quot;bottom&quot;,&quot;infoVisible&quot;:true,&quot;infoOverlay&quot;:true,&quot;infoAlign&quot;:&quot;default&quot;,&quot;transition&quot;:&quot;fade&quot;,&quot;hoverButtons&quot;:false,&quot;fitMedia&quot;:false,&quot;noScrollbars&quot;:true,&quot;preserveButtonSpace&quot;:true,&quot;buttons&quot;:{&quot;fullscreen&quot;:true,&quot;info&quot;:true,&quot;thumbs&quot;:false},&quot;video&quot;:{&quot;autoPlay&quot;:true}}\" style=\"--fg-title-line-clamp: 0; --fg-description-line-clamp: 0;\" >\n\t<div class=\"fg-item fg-type-image fg-idle\"><figure class=\"fg-item-inner\"><a href=\"http:\/\/delicmont.com\/wp-content\/uploads\/2025\/01\/20231018_160257.jpg\" data-caption-desc=\"Oblaganje keramikom luksuznog objekta\" data-attachment-id=\"1398\" data-type=\"image\" class=\"fg-thumb\"><span class=\"fg-image-wrap\"><img decoding=\"async\" alt=\"Super luksuzni objekat oblo\u017een keramikom\" width=\"150\" height=\"150\" class=\"skip-lazy fg-image\" data-src-fg=\"http:\/\/delicmont.com\/wp-content\/uploads\/cache\/2025\/01\/20231018_160257\/1353821469.jpg\" src=\"data:image\/svg+xml,%3Csvg%20xmlns%3D%22http%3A%2F%2Fwww.w3.org%2F2000%2Fsvg%22%20width%3D%22150%22%20height%3D%22150%22%20viewBox%3D%220%200%20150%20150%22%3E%3C%2Fsvg%3E\" loading=\"eager\"><\/span><span class=\"fg-image-overlay\"><\/span><\/a><figcaption class=\"fg-caption\"><div class=\"fg-caption-inner\"><div class=\"fg-caption-desc\">Oblaganje keramikom luksuznog objekta<\/div><\/div><\/figcaption><\/figure><div class=\"fg-loader\"><\/div><\/div><div class=\"fg-item fg-type-image fg-idle\"><figure class=\"fg-item-inner\"><a href=\"http:\/\/delicmont.com\/wp-content\/uploads\/2025\/01\/20231018_160305.jpg\" data-caption-desc=\"Super luksuzni objekat oblo\u017een keramikom\" data-attachment-id=\"1400\" data-type=\"image\" class=\"fg-thumb\"><span class=\"fg-image-wrap\"><img decoding=\"async\" alt=\"Super luksuzni objekat oblo\u017een keramikom\" width=\"150\" height=\"150\" class=\"skip-lazy fg-image\" data-src-fg=\"http:\/\/delicmont.com\/wp-content\/uploads\/cache\/2025\/01\/20231018_160305\/3412986744.jpg\" src=\"data:image\/svg+xml,%3Csvg%20xmlns%3D%22http%3A%2F%2Fwww.w3.org%2F2000%2Fsvg%22%20width%3D%22150%22%20height%3D%22150%22%20viewBox%3D%220%200%20150%20150%22%3E%3C%2Fsvg%3E\" loading=\"eager\"><\/span><span class=\"fg-image-overlay\"><\/span><\/a><figcaption class=\"fg-caption\"><div class=\"fg-caption-inner\"><div class=\"fg-caption-desc\">Super luksuzni objekat oblo\u017een keramikom<\/div><\/div><\/figcaption><\/figure><div class=\"fg-loader\"><\/div><\/div><div class=\"fg-item fg-type-image fg-idle\"><figure class=\"fg-item-inner\"><a href=\"http:\/\/delicmont.com\/wp-content\/uploads\/2025\/01\/20231018_160410.jpg\" data-caption-desc=\"Super luksuzni objekat oblo\u017een keramikom\" data-attachment-id=\"1401\" data-type=\"image\" class=\"fg-thumb\"><span class=\"fg-image-wrap\"><img decoding=\"async\" alt=\"Super luksuzni objekat oblo\u017een keramikom\" width=\"150\" height=\"150\" class=\"skip-lazy fg-image\" data-src-fg=\"http:\/\/delicmont.com\/wp-content\/uploads\/cache\/2025\/01\/20231018_160410\/1749437656.jpg\" src=\"data:image\/svg+xml,%3Csvg%20xmlns%3D%22http%3A%2F%2Fwww.w3.org%2F2000%2Fsvg%22%20width%3D%22150%22%20height%3D%22150%22%20viewBox%3D%220%200%20150%20150%22%3E%3C%2Fsvg%3E\" loading=\"eager\"><\/span><span class=\"fg-image-overlay\"><\/span><\/a><figcaption class=\"fg-caption\"><div class=\"fg-caption-inner\"><div class=\"fg-caption-desc\">Super luksuzni objekat oblo\u017een keramikom<\/div><\/div><\/figcaption><\/figure><div class=\"fg-loader\"><\/div><\/div><div class=\"fg-item fg-type-image fg-idle\"><figure class=\"fg-item-inner\"><a href=\"http:\/\/delicmont.com\/wp-content\/uploads\/2025\/01\/20231018_160416.jpg\" data-caption-desc=\"Super luksuzni objekat oblo\u017een keramikom\" data-attachment-id=\"1403\" data-type=\"image\" class=\"fg-thumb\"><span class=\"fg-image-wrap\"><img decoding=\"async\" alt=\"Super luksuzni objekat oblo\u017een keramikom\" width=\"150\" height=\"150\" class=\"skip-lazy fg-image\" data-src-fg=\"http:\/\/delicmont.com\/wp-content\/uploads\/cache\/2025\/01\/20231018_160416\/2465712291.jpg\" src=\"data:image\/svg+xml,%3Csvg%20xmlns%3D%22http%3A%2F%2Fwww.w3.org%2F2000%2Fsvg%22%20width%3D%22150%22%20height%3D%22150%22%20viewBox%3D%220%200%20150%20150%22%3E%3C%2Fsvg%3E\" loading=\"eager\"><\/span><span class=\"fg-image-overlay\"><\/span><\/a><figcaption class=\"fg-caption\"><div class=\"fg-caption-inner\"><div class=\"fg-caption-desc\">Super luksuzni objekat oblo\u017een keramikom<\/div><\/div><\/figcaption><\/figure><div class=\"fg-loader\"><\/div><\/div><div class=\"fg-item fg-type-image fg-idle\"><figure class=\"fg-item-inner\"><a href=\"http:\/\/delicmont.com\/wp-content\/uploads\/2025\/01\/20231018_160420.jpg\" data-caption-desc=\"Super luksuzni objekat oblo\u017een keramikom\" data-attachment-id=\"1404\" data-type=\"image\" class=\"fg-thumb\"><span class=\"fg-image-wrap\"><img decoding=\"async\" alt=\"Super luksuzni objekat oblo\u017een keramikom\" width=\"150\" height=\"150\" class=\"skip-lazy fg-image\" data-src-fg=\"http:\/\/delicmont.com\/wp-content\/uploads\/cache\/2025\/01\/20231018_160420\/907619611.jpg\" src=\"data:image\/svg+xml,%3Csvg%20xmlns%3D%22http%3A%2F%2Fwww.w3.org%2F2000%2Fsvg%22%20width%3D%22150%22%20height%3D%22150%22%20viewBox%3D%220%200%20150%20150%22%3E%3C%2Fsvg%3E\" loading=\"eager\"><\/span><span class=\"fg-image-overlay\"><\/span><\/a><figcaption class=\"fg-caption\"><div class=\"fg-caption-inner\"><div class=\"fg-caption-desc\">Super luksuzni objekat oblo\u017een keramikom<\/div><\/div><\/figcaption><\/figure><div class=\"fg-loader\"><\/div><\/div><div class=\"fg-item fg-type-image fg-idle\"><figure class=\"fg-item-inner\"><a href=\"http:\/\/delicmont.com\/wp-content\/uploads\/2025\/01\/20231018_160431.jpg\" data-caption-desc=\"Super luksuzni objekat oblo\u017een keramikom\" data-attachment-id=\"1405\" data-type=\"image\" class=\"fg-thumb\"><span class=\"fg-image-wrap\"><img decoding=\"async\" alt=\"Super luksuzni objekat oblo\u017een keramikom\" width=\"150\" height=\"150\" class=\"skip-lazy fg-image\" data-src-fg=\"http:\/\/delicmont.com\/wp-content\/uploads\/cache\/2025\/01\/20231018_160431\/4087840568.jpg\" src=\"data:image\/svg+xml,%3Csvg%20xmlns%3D%22http%3A%2F%2Fwww.w3.org%2F2000%2Fsvg%22%20width%3D%22150%22%20height%3D%22150%22%20viewBox%3D%220%200%20150%20150%22%3E%3C%2Fsvg%3E\" loading=\"eager\"><\/span><span class=\"fg-image-overlay\"><\/span><\/a><figcaption class=\"fg-caption\"><div class=\"fg-caption-inner\"><div class=\"fg-caption-desc\">Super luksuzni objekat oblo\u017een keramikom<\/div><\/div><\/figcaption><\/figure><div class=\"fg-loader\"><\/div><\/div><div class=\"fg-item fg-type-image fg-idle\"><figure class=\"fg-item-inner\"><a href=\"http:\/\/delicmont.com\/wp-content\/uploads\/2025\/01\/20231018_160501.jpg\" data-caption-desc=\"Super luksuzni objekat oblo\u017een keramikom\" data-attachment-id=\"1407\" data-type=\"image\" class=\"fg-thumb\"><span class=\"fg-image-wrap\"><img decoding=\"async\" alt=\"Super luksuzni objekat oblo\u017een keramikom\" width=\"150\" height=\"150\" class=\"skip-lazy fg-image\" data-src-fg=\"http:\/\/delicmont.com\/wp-content\/uploads\/cache\/2025\/01\/20231018_160501\/423011647.jpg\" src=\"data:image\/svg+xml,%3Csvg%20xmlns%3D%22http%3A%2F%2Fwww.w3.org%2F2000%2Fsvg%22%20width%3D%22150%22%20height%3D%22150%22%20viewBox%3D%220%200%20150%20150%22%3E%3C%2Fsvg%3E\" loading=\"eager\"><\/span><span class=\"fg-image-overlay\"><\/span><\/a><figcaption class=\"fg-caption\"><div class=\"fg-caption-inner\"><div class=\"fg-caption-desc\">Super luksuzni objekat oblo\u017een keramikom<\/div><\/div><\/figcaption><\/figure><div class=\"fg-loader\"><\/div><\/div><div class=\"fg-item fg-type-image fg-idle\"><figure class=\"fg-item-inner\"><a href=\"http:\/\/delicmont.com\/wp-content\/uploads\/2025\/01\/20231018_160630.jpg\" data-caption-desc=\"Super luksuzni objekat oblo\u017een keramikom\" data-attachment-id=\"1409\" data-type=\"image\" class=\"fg-thumb\"><span class=\"fg-image-wrap\"><img decoding=\"async\" alt=\"Super luksuzni objekat oblo\u017een keramikom\" width=\"150\" height=\"150\" class=\"skip-lazy fg-image\" data-src-fg=\"http:\/\/delicmont.com\/wp-content\/uploads\/cache\/2025\/01\/20231018_160630\/2973729683.jpg\" src=\"data:image\/svg+xml,%3Csvg%20xmlns%3D%22http%3A%2F%2Fwww.w3.org%2F2000%2Fsvg%22%20width%3D%22150%22%20height%3D%22150%22%20viewBox%3D%220%200%20150%20150%22%3E%3C%2Fsvg%3E\" loading=\"eager\"><\/span><span class=\"fg-image-overlay\"><\/span><\/a><figcaption class=\"fg-caption\"><div class=\"fg-caption-inner\"><div class=\"fg-caption-desc\">Super luksuzni objekat oblo\u017een keramikom<\/div><\/div><\/figcaption><\/figure><div class=\"fg-loader\"><\/div><\/div><div class=\"fg-item fg-type-image fg-idle\"><figure class=\"fg-item-inner\"><a href=\"http:\/\/delicmont.com\/wp-content\/uploads\/2025\/01\/20231018_160644.jpg\" data-caption-desc=\"Super luksuzni objekat oblo\u017een keramikom\" data-attachment-id=\"1410\" data-type=\"image\" class=\"fg-thumb\"><span class=\"fg-image-wrap\"><img decoding=\"async\" alt=\"Super luksuzni objekat oblo\u017een keramikom\" width=\"150\" height=\"150\" class=\"skip-lazy fg-image\" data-src-fg=\"http:\/\/delicmont.com\/wp-content\/uploads\/cache\/2025\/01\/20231018_160644\/3860472307.jpg\" src=\"data:image\/svg+xml,%3Csvg%20xmlns%3D%22http%3A%2F%2Fwww.w3.org%2F2000%2Fsvg%22%20width%3D%22150%22%20height%3D%22150%22%20viewBox%3D%220%200%20150%20150%22%3E%3C%2Fsvg%3E\" loading=\"eager\"><\/span><span class=\"fg-image-overlay\"><\/span><\/a><figcaption class=\"fg-caption\"><div class=\"fg-caption-inner\"><div class=\"fg-caption-desc\">Super luksuzni objekat oblo\u017een keramikom<\/div><\/div><\/figcaption><\/figure><div class=\"fg-loader\"><\/div><\/div><\/div>\n\n\n\n<p><\/p>\n\n\n\n<h2 class=\"wp-block-heading\"><img loading=\"lazy\" decoding=\"async\" width=\"60\" height=\"60\" class=\"wp-image-1486\" style=\"width: 60px;\" src=\"http:\/\/delicmont.com\/wp-content\/uploads\/2025\/01\/mail.png\" alt=\"\" srcset=\"http:\/\/delicmont.com\/wp-content\/uploads\/2025\/01\/mail.png 512w, http:\/\/delicmont.com\/wp-content\/uploads\/2025\/01\/mail-300x300.png 300w, http:\/\/delicmont.com\/wp-content\/uploads\/2025\/01\/mail-150x150.png 150w, http:\/\/delicmont.com\/wp-content\/uploads\/2025\/01\/mail-475x475.png 475w\" sizes=\"auto, (max-width: 60px) 100vw, 60px\" \/> Popunite formular &#8211; kontaktirajte nas<\/h2>\n\n\n<div ><style>#sp-ea-708 .spcollapsing { height: 0; overflow: hidden; transition-property: height;transition-duration: 300ms;}#sp-ea-708.sp-easy-accordion>.sp-ea-single {margin-bottom: 10px; border: 1px solid #e2e2e2; }#sp-ea-708.sp-easy-accordion>.sp-ea-single>.ea-header a {color: #444;}#sp-ea-708.sp-easy-accordion>.sp-ea-single>.sp-collapse>.ea-body {background: #fff; color: #444;}#sp-ea-708.sp-easy-accordion>.sp-ea-single {background: #eee;}#sp-ea-708.sp-easy-accordion>.sp-ea-single>.ea-header a .ea-expand-icon { float: left; color: #444;font-size: 16px;}<\/style><div id=\"sp_easy_accordion-1730168532\"><div id=\"sp-ea-708\" class=\"sp-ea-one sp-easy-accordion\" data-ea-active=\"ea-click\" data-ea-mode=\"vertical\" data-preloader=\"\" data-scroll-active-item=\"\" data-offset-to-scroll=\"0\"><div class=\"ea-card sp-ea-single\"><h3 class=\"ea-header\"><a class=\"collapsed\" id=\"ea-header-7080\" role=\"button\" data-sptoggle=\"spcollapse\" data-sptarget=\"#collapse7080\" aria-controls=\"collapse7080\" href=\"#\" aria-expanded=\"false\" tabindex=\"0\"><i aria-hidden=\"true\" role=\"presentation\" class=\"ea-expand-icon eap-icon-ea-expand-plus\"><\/i> Deli\u0107mont &#8211; Kontakt forumlar <\/a><\/h3><div class=\"sp-collapse spcollapse spcollapse\" id=\"collapse7080\" data-parent=\"#sp-ea-708\" role=\"region\" aria-labelledby=\"ea-header-7080\"> <div class=\"ea-body\"><div class=\"wpcf7 no-js\" id=\"wpcf7-f110-o1\" lang=\"en-US\" dir=\"ltr\" data-wpcf7-id=\"110\"><div class=\"screen-reader-response\"><p role=\"status\" aria-live=\"polite\" aria-atomic=\"true\"><\/p> <ul><\/ul><\/div><form action=\"\/en\/wp-json\/wp\/v2\/pages\/1411#wpcf7-f110-o1\" method=\"post\" class=\"wpcf7-form init\" aria-label=\"Contact form\" novalidate=\"novalidate\" data-status=\"init\"><fieldset class=\"hidden-fields-container\"><input type=\"hidden\" name=\"_wpcf7\" value=\"110\" \/><input type=\"hidden\" name=\"_wpcf7_version\" value=\"6.1.5\" \/><input type=\"hidden\" name=\"_wpcf7_locale\" value=\"en_US\" \/><input type=\"hidden\" name=\"_wpcf7_unit_tag\" value=\"wpcf7-f110-o1\" \/><input type=\"hidden\" name=\"_wpcf7_container_post\" value=\"0\" \/><input type=\"hidden\" name=\"_wpcf7_posted_data_hash\" value=\"\" \/><\/fieldset><head> <script src=\"https:\/\/www.google.com\/recaptcha\/enterprise.js?render=6LeuR2AqAAAAAIz5RJAndoHAbMvvWnLRVPby1Ww4\"><\/script> <\/head><p><label> Va\u0161e ime<br \/><span class=\"wpcf7-form-control-wrap\" data-name=\"your-name\"><input size=\"40\" maxlength=\"400\" class=\"wpcf7-form-control wpcf7-text wpcf7-validates-as-required\" autocomplete=\"name\" aria-required=\"true\" aria-invalid=\"false\" value=\"\" type=\"text\" name=\"your-name\" \/><\/span> <\/label><\/p><p><label> Va\u0161a e-mail adresa<br \/><span class=\"wpcf7-form-control-wrap\" data-name=\"your-email\"><input size=\"40\" maxlength=\"400\" class=\"wpcf7-form-control wpcf7-email wpcf7-validates-as-required wpcf7-text wpcf7-validates-as-email\" autocomplete=\"email\" aria-required=\"true\" aria-invalid=\"false\" value=\"\" type=\"email\" name=\"your-email\" \/><\/span> <\/label><\/p><p><label> Va\u0161 telefon<br \/><span class=\"wpcf7-form-control-wrap\" data-name=\"tel-690\"><input size=\"40\" maxlength=\"400\" class=\"wpcf7-form-control wpcf7-tel wpcf7-text wpcf7-validates-as-tel\" aria-invalid=\"false\" value=\"\" type=\"tel\" name=\"tel-690\" \/><\/span><\/label><\/p><p><label> Predmet<br \/><span class=\"wpcf7-form-control-wrap\" data-name=\"your-subject\"><input size=\"40\" maxlength=\"400\" class=\"wpcf7-form-control wpcf7-text wpcf7-validates-as-required\" aria-required=\"true\" aria-invalid=\"false\" value=\"\" type=\"text\" name=\"your-subject\" \/><\/span> <\/label><\/p><p><label> Odaberie vrstu usluge za koju ste zaijnteresovani<br \/><span class=\"wpcf7-form-control-wrap\" data-name=\"menu-728\"><select class=\"wpcf7-form-control wpcf7-select wpcf7-validates-as-required\" aria-required=\"true\" aria-invalid=\"false\" multiple=\"multiple\" name=\"menu-728[]\"><option value=\"\">&#8212;Please choose an option&#8212;<\/option><option value=\"Renoviranje kupatila\">Renoviranje kupatila<\/option><option value=\"Renoviranje kuhinje\">Renoviranje kuhinje<\/option><option value=\"Renoviranje stepenica\">Renoviranje stepenica<\/option><option value=\"Renoviranje potkorvlja\">Renoviranje potkorvlja<\/option><\/select><\/span><\/label><\/p><p><label> Va\u0161a poruka (optional)<br \/><span class=\"wpcf7-form-control-wrap\" data-name=\"your-message\"><textarea cols=\"40\" rows=\"10\" maxlength=\"2000\" class=\"wpcf7-form-control wpcf7-textarea\" aria-invalid=\"false\" name=\"your-message\"><\/textarea><\/span> <\/label><\/p><p><span class=\"wpcf7-form-control-wrap\" data-name=\"quiz-543\"><label><span class=\"wpcf7-quiz-label\">The capital of Brazil?<\/span> <input size=\"40\" class=\"wpcf7-form-control wpcf7-quiz\" autocomplete=\"off\" aria-required=\"true\" aria-invalid=\"false\" type=\"text\" name=\"quiz-543\" \/><\/label><input type=\"hidden\" name=\"_wpcf7_quiz_answer_quiz-543\" value=\"5eadddd20bdb7bd4abcf79d9e52740fb\" \/><\/span><\/p><p><input class=\"wpcf7-form-control wpcf7-submit has-spinner\" type=\"submit\" value=\"Submit\" \/><\/p><p><script> function onClick(e) { e.preventDefault(); grecaptcha.enterprise.ready(async () => { const token = await grecaptcha.enterprise.execute('6LeuR2AqAAAAAIz5RJAndoHAbMvvWnLRVPby1Ww4', {action: 'LOGIN'}); }); }<\/script><\/p><p style=\"display: none !important;\" class=\"akismet-fields-container\" data-prefix=\"_wpcf7_ak_\"><label>&#916;<textarea name=\"_wpcf7_ak_hp_textarea\" cols=\"45\" rows=\"8\" maxlength=\"100\"><\/textarea><\/label><input type=\"hidden\" id=\"ak_js_1\" name=\"_wpcf7_ak_js\" value=\"132\"\/><script type=\"text\/javascript\">\/* <![CDATA[ *\/ document.getElementById( \"ak_js_1\" ).setAttribute( \"value\", ( new Date() ).getTime() ); \/* ]]> *\/<\/script><\/p><div class=\"wpcf7-response-output\" aria-hidden=\"true\"><\/div><\/form><\/div><\/div><\/div><\/div><\/div><\/div><\/div>\n\n\n<hr class=\"wp-block-separator has-alpha-channel-opacity\"\/>\n\n\n\n<h2 class=\"wp-block-heading\"><img loading=\"lazy\" decoding=\"async\" width=\"60\" height=\"60\" class=\"wp-image-1483\" style=\"width: 60px;\" src=\"http:\/\/delicmont.com\/wp-content\/uploads\/2025\/01\/camera-1-1.png\" alt=\"\" srcset=\"http:\/\/delicmont.com\/wp-content\/uploads\/2025\/01\/camera-1-1.png 512w, http:\/\/delicmont.com\/wp-content\/uploads\/2025\/01\/camera-1-1-300x300.png 300w, http:\/\/delicmont.com\/wp-content\/uploads\/2025\/01\/camera-1-1-150x150.png 150w, http:\/\/delicmont.com\/wp-content\/uploads\/2025\/01\/camera-1-1-475x475.png 475w\" sizes=\"auto, (max-width: 60px) 100vw, 60px\" \/>Pogledajte foto galerije sa nekim od na\u0161ih uspje\u0161nih projekata, razvrstanih po kategorijama<\/h2>\n\n\n\n<div class=\"wp-block-group is-layout-grid wp-container-core-group-is-layout-478b6e6b wp-block-group-is-layout-grid\">\n<div class=\"wp-block-cover is-light\"><img loading=\"lazy\" decoding=\"async\" width=\"450\" height=\"800\" class=\"wp-block-cover__image-background wp-image-1570 size-full\" alt=\"DelicMont - gipsane plo\u010de i moleraj - zidovi ra\u0111eni pomo\u0107u rigis plo\u010da\" src=\"http:\/\/delicmont.com\/wp-content\/uploads\/2025\/01\/IMG-20250114-WA0015.jpg\" data-object-fit=\"cover\" srcset=\"http:\/\/delicmont.com\/wp-content\/uploads\/2025\/01\/IMG-20250114-WA0015.jpg 450w, http:\/\/delicmont.com\/wp-content\/uploads\/2025\/01\/IMG-20250114-WA0015-169x300.jpg 169w\" sizes=\"auto, (max-width: 450px) 100vw, 450px\" \/><span aria-hidden=\"true\" class=\"wp-block-cover__background has-background-dim\" style=\"background-color:#908981\"><\/span><div class=\"wp-block-cover__inner-container is-layout-flow wp-block-cover-is-layout-flow\">\n<p class=\"has-text-align-center has-large-font-size\"><a href=\"https:\/\/delicmont.com\/keramicki-radovi-fotogalerije\/\" target=\"_blank\" rel=\"noreferrer noopener\">Projekti \u2013 kerami\u010dki radovi \u2013 fotogalerije<\/a><\/p>\n<\/div><\/div>\n\n\n\n<div class=\"wp-block-cover is-light\"><img loading=\"lazy\" decoding=\"async\" width=\"768\" height=\"1024\" class=\"wp-block-cover__image-background wp-image-322 size-large\" alt=\"\" src=\"http:\/\/delicmont.com\/wp-content\/uploads\/2024\/10\/20240319_100824-768x1024.jpg\" data-object-fit=\"cover\" srcset=\"http:\/\/delicmont.com\/wp-content\/uploads\/2024\/10\/20240319_100824-768x1024.jpg 768w, http:\/\/delicmont.com\/wp-content\/uploads\/2024\/10\/20240319_100824-225x300.jpg 225w, http:\/\/delicmont.com\/wp-content\/uploads\/2024\/10\/20240319_100824-1152x1536.jpg 1152w, http:\/\/delicmont.com\/wp-content\/uploads\/2024\/10\/20240319_100824-1536x2048.jpg 1536w, http:\/\/delicmont.com\/wp-content\/uploads\/2024\/10\/20240319_100824-scaled.jpg 1920w\" sizes=\"auto, (max-width: 768px) 100vw, 768px\" \/><span aria-hidden=\"true\" class=\"wp-block-cover__background has-background-dim\" style=\"background-color:#a5a09a\"><\/span><div class=\"wp-block-cover__inner-container is-layout-flow wp-block-cover-is-layout-flow\">\n<p class=\"has-text-align-center has-large-font-size\"><a href=\"https:\/\/delicmont.com\/projekti-fotogalerije-kupatila\/\" target=\"_blank\" rel=\"noreferrer noopener\">Projekti \u2013 Fotogalerije \u2013 Kupatila<\/a><\/p>\n<\/div><\/div>\n\n\n\n<div class=\"wp-block-cover is-light\"><img loading=\"lazy\" decoding=\"async\" width=\"540\" height=\"360\" class=\"wp-block-cover__image-background wp-image-643 size-full\" alt=\"\" src=\"http:\/\/delicmont.com\/wp-content\/uploads\/2024\/10\/attic-4-1.jpg\" data-object-fit=\"cover\" srcset=\"http:\/\/delicmont.com\/wp-content\/uploads\/2024\/10\/attic-4-1.jpg 540w, http:\/\/delicmont.com\/wp-content\/uploads\/2024\/10\/attic-4-1-300x200.jpg 300w\" sizes=\"auto, (max-width: 540px) 100vw, 540px\" \/><span aria-hidden=\"true\" class=\"wp-block-cover__background has-background-dim\" style=\"background-color:#ccc5be\"><\/span><div class=\"wp-block-cover__inner-container is-layout-flow wp-block-cover-is-layout-flow\">\n<p class=\"has-text-align-center has-large-font-size\"><a href=\"https:\/\/delicmont.com\/opremanje-objekata-za-odmor-fotogalerija\/\">Projekti \u2013 fotogalerije \u2013 objekti za odmor<\/a><\/p>\n<\/div><\/div>\n<\/div>\n","protected":false},"excerpt":{"rendered":"","protected":false},"author":1,"featured_media":0,"parent":0,"menu_order":0,"comment_status":"closed","ping_status":"closed","template":"","meta":{"ngg_post_thumbnail":0,"footnotes":""},"class_list":["post-1411","page","type-page","status-publish","hentry"],"_links":{"self":[{"href":"http:\/\/delicmont.com\/en\/wp-json\/wp\/v2\/pages\/1411","targetHints":{"allow":["GET"]}}],"collection":[{"href":"http:\/\/delicmont.com\/en\/wp-json\/wp\/v2\/pages"}],"about":[{"href":"http:\/\/delicmont.com\/en\/wp-json\/wp\/v2\/types\/page"}],"author":[{"embeddable":true,"href":"http:\/\/delicmont.com\/en\/wp-json\/wp\/v2\/users\/1"}],"replies":[{"embeddable":true,"href":"http:\/\/delicmont.com\/en\/wp-json\/wp\/v2\/comments?post=1411"}],"version-history":[{"count":4,"href":"http:\/\/delicmont.com\/en\/wp-json\/wp\/v2\/pages\/1411\/revisions"}],"predecessor-version":[{"id":1422,"href":"http:\/\/delicmont.com\/en\/wp-json\/wp\/v2\/pages\/1411\/revisions\/1422"}],"wp:attachment":[{"href":"http:\/\/delicmont.com\/en\/wp-json\/wp\/v2\/media?parent=1411"}],"curies":[{"name":"wp","href":"https:\/\/api.w.org\/{rel}","templated":true}]}}