{"id":1174,"date":"2024-12-30T05:17:54","date_gmt":"2024-12-30T05:17:54","guid":{"rendered":"https:\/\/delicmont.com\/?page_id=1174"},"modified":"2025-01-01T00:55:13","modified_gmt":"2025-01-01T00:55:13","slug":"keramicki-radovi-fotogalerije","status":"publish","type":"page","link":"http:\/\/delicmont.com\/en\/keramicki-radovi-fotogalerije\/","title":{"rendered":"Projects \u2013 Ceramic Works \u2013 Photo Galleries"},"content":{"rendered":"\n<h2 class=\"wp-block-heading\"> <img loading=\"lazy\" decoding=\"async\" width=\"50\" height=\"50\" class=\"wp-image-751\" style=\"width: 50px;\" src=\"http:\/\/delicmont.com\/wp-content\/uploads\/2024\/10\/camera.png\" alt=\"\" srcset=\"http:\/\/delicmont.com\/wp-content\/uploads\/2024\/10\/camera.png 512w, http:\/\/delicmont.com\/wp-content\/uploads\/2024\/10\/camera-300x300.png 300w, http:\/\/delicmont.com\/wp-content\/uploads\/2024\/10\/camera-150x150.png 150w, http:\/\/delicmont.com\/wp-content\/uploads\/2024\/10\/camera-475x475.png 475w\" sizes=\"auto, (max-width: 50px) 100vw, 50px\" \/>Oblaganje keramikom XXL formata<\/h2>\n\n\n\n<div class=\"wp-block-media-text is-stacked-on-mobile\"><figure class=\"wp-block-media-text__media\"><a href=\"https:\/\/delicmont.com\/oblaganje-kuhinje-keramikom-xxl-formata\/\"><img loading=\"lazy\" decoding=\"async\" width=\"1024\" height=\"577\" src=\"http:\/\/delicmont.com\/wp-content\/uploads\/2024\/12\/20230512_123331-1024x577.jpg\" alt=\"kuhinja oblo\u017eena crno bijelom keramikom XXL formata\" class=\"wp-image-1169 size-full\" srcset=\"http:\/\/delicmont.com\/wp-content\/uploads\/2024\/12\/20230512_123331-1024x577.jpg 1024w, http:\/\/delicmont.com\/wp-content\/uploads\/2024\/12\/20230512_123331-300x169.jpg 300w, http:\/\/delicmont.com\/wp-content\/uploads\/2024\/12\/20230512_123331-768x432.jpg 768w, http:\/\/delicmont.com\/wp-content\/uploads\/2024\/12\/20230512_123331-1536x865.jpg 1536w, http:\/\/delicmont.com\/wp-content\/uploads\/2024\/12\/20230512_123331.jpg 2000w\" sizes=\"auto, (max-width: 1024px) 100vw, 1024px\" \/><\/a><\/figure><div class=\"wp-block-media-text__content\">\n<p><a href=\"https:\/\/delicmont.com\/oblaganje-kuhinje-keramikom-xxl-formata\/\" data-type=\"page\" data-id=\"1172\">Oblaganje kuhinje keramikom XXL formata<\/a> &#8211; Fotogalerija <\/p>\n\n\n\n<div class=\"wp-block-buttons is-layout-flex wp-block-buttons-is-layout-flex\">\n<div class=\"wp-block-button\"><a class=\"wp-block-button__link wp-element-button\" href=\"https:\/\/delicmont.com\/oblaganje-kuhinje-keramikom-xxl-formata\/\">Pogledajte galeriju<\/a><\/div>\n<\/div>\n<\/div><\/div>\n\n\n\n<hr class=\"wp-block-separator has-alpha-channel-opacity\"\/>\n\n\n\n<div class=\"wp-block-media-text has-media-on-the-right is-stacked-on-mobile\"><div class=\"wp-block-media-text__content\">\n<p><a href=\"https:\/\/delicmont.com\/oblaganje-kuhinje-bijelom-keramikom-xxl-formata\/\" data-type=\"page\" data-id=\"1172\" target=\"_blank\" rel=\"noreferrer noopener\">Oblaganje kuhinje bijelom keramikom XXL formata<\/a> &#8211; Fotogalerija<\/p>\n\n\n\n<div class=\"wp-block-buttons is-layout-flex wp-block-buttons-is-layout-flex\">\n<div class=\"wp-block-button\"><a class=\"wp-block-button__link wp-element-button\" href=\"https:\/\/delicmont.com\/oblaganje-kuhinje-bijelom-keramikom-xxl-formata\/\" target=\"_blank\" rel=\"noreferrer noopener\">Pogledajte galeriju<\/a><\/div>\n<\/div>\n<\/div><figure class=\"wp-block-media-text__media\"><a href=\"https:\/\/delicmont.com\/oblaganje-kuhinje-bijelom-keramikom-xxl-formata\/\"><img loading=\"lazy\" decoding=\"async\" width=\"577\" height=\"1024\" src=\"http:\/\/delicmont.com\/wp-content\/uploads\/2024\/12\/20231111_124401-577x1024.jpg\" alt=\"Kuhinja oblo\u017eena bijelom keramikom XXL\" class=\"wp-image-1371 size-full\" srcset=\"http:\/\/delicmont.com\/wp-content\/uploads\/2024\/12\/20231111_124401-577x1024.jpg 577w, http:\/\/delicmont.com\/wp-content\/uploads\/2024\/12\/20231111_124401-169x300.jpg 169w, http:\/\/delicmont.com\/wp-content\/uploads\/2024\/12\/20231111_124401-768x1364.jpg 768w, http:\/\/delicmont.com\/wp-content\/uploads\/2024\/12\/20231111_124401-865x1536.jpg 865w, http:\/\/delicmont.com\/wp-content\/uploads\/2024\/12\/20231111_124401.jpg 1126w\" sizes=\"auto, (max-width: 577px) 100vw, 577px\" \/><\/a><\/figure><\/div>\n\n\n\n<div class=\"wp-block-media-text is-stacked-on-mobile\"><figure class=\"wp-block-media-text__media\"><a href=\"https:\/\/delicmont.com\/oblaganje-kuhinje-keramikom-xxl-formata\/https:\/\/delicmont.com\/oblaganje-keramikom-luksuznog-objekta-fotogalerija\/\"><img loading=\"lazy\" decoding=\"async\" width=\"577\" height=\"1024\" src=\"http:\/\/delicmont.com\/wp-content\/uploads\/2025\/01\/20231018_160300-577x1024.jpg\" alt=\"Super luksuzni objekat oblo\u017een keramikom\" class=\"wp-image-1399 size-full\" srcset=\"http:\/\/delicmont.com\/wp-content\/uploads\/2025\/01\/20231018_160300-577x1024.jpg 577w, http:\/\/delicmont.com\/wp-content\/uploads\/2025\/01\/20231018_160300-169x300.jpg 169w, http:\/\/delicmont.com\/wp-content\/uploads\/2025\/01\/20231018_160300-768x1364.jpg 768w, http:\/\/delicmont.com\/wp-content\/uploads\/2025\/01\/20231018_160300-865x1536.jpg 865w, http:\/\/delicmont.com\/wp-content\/uploads\/2025\/01\/20231018_160300.jpg 1126w\" sizes=\"auto, (max-width: 577px) 100vw, 577px\" \/><\/a><\/figure><div class=\"wp-block-media-text__content\">\n<p><a href=\"https:\/\/delicmont.com\/oblaganje-keramikom-luksuznog-objekta-fotogalerija\/\">Super luksuzni objekat &#8211; oblaganje keramikom<\/a><\/p>\n\n\n\n<div class=\"wp-block-buttons is-layout-flex wp-block-buttons-is-layout-flex\">\n<div class=\"wp-block-button\"><a class=\"wp-block-button__link wp-element-button\" href=\"https:\/\/delicmont.com\/oblaganje-keramikom-luksuznog-objekta-fotogalerija\/\">Pogledajte galeriju<\/a><\/div>\n<\/div>\n<\/div><\/div>\n\n\n\n<div class=\"wp-block-columns alignwide is-layout-flex wp-container-core-columns-is-layout-28f84493 wp-block-columns-is-layout-flex\">\n<div class=\"wp-block-column is-vertically-aligned-center is-layout-flow wp-block-column-is-layout-flow\">\n<div class=\"wp-block-group  animated animated-fadeInUp is-layout-flow wp-block-group-is-layout-flow\">\n<div class=\"wp-block-cover is-light\" style=\"min-height:700px;aspect-ratio:unset;\"><span aria-hidden=\"true\" class=\"wp-block-cover__background has-background-dim-30 has-background-dim\" style=\"background-color:#c5b9b9\"><\/span><img loading=\"lazy\" decoding=\"async\" width=\"800\" height=\"600\" class=\"wp-block-cover__image-background wp-image-516\" alt=\"\" src=\"http:\/\/delicmont.com\/wp-content\/uploads\/2024\/10\/arhitektica.png\" data-object-fit=\"cover\" srcset=\"http:\/\/delicmont.com\/wp-content\/uploads\/2024\/10\/arhitektica.png 800w, http:\/\/delicmont.com\/wp-content\/uploads\/2024\/10\/arhitektica-300x225.png 300w, http:\/\/delicmont.com\/wp-content\/uploads\/2024\/10\/arhitektica-768x576.png 768w\" sizes=\"auto, (max-width: 800px) 100vw, 800px\" \/><div class=\"wp-block-cover__inner-container is-layout-flow wp-block-cover-is-layout-flow\">\n<div class=\"wp-block-group is-content-justification-center is-nowrap is-layout-flex wp-container-core-group-is-layout-23441af8 wp-block-group-is-layout-flex\">\n<div class=\"wp-block-group box-shadow-ripples is-justify-center is-layout-constrained wp-container-core-group-is-layout-46b365e2 wp-block-group-is-layout-constrained\" style=\"padding-top:0;padding-right:0;padding-bottom:0;padding-left:0\"><\/div>\n<\/div>\n<\/div><\/div>\n<\/div>\n<\/div>\n\n\n\n<div class=\"wp-block-column is-vertically-aligned-center is-layout-flow wp-block-column-is-layout-flow\">\n<div class=\"wp-block-group alignwide is-layout-constrained wp-container-core-group-is-layout-26420631 wp-block-group-is-layout-constrained\">\n<div class=\"wp-block-group animated animated-fadeInUp is-nowrap is-layout-flex wp-container-core-group-is-layout-e088cbc5 wp-block-group-is-layout-flex\">\n\n\n<div class=\"wp-block-group hide-on-mobile is-layout-flow wp-block-group-is-layout-flow\"><\/div>\n<\/div>\n\n\n\n<h2 class=\"wp-block-heading animated animated-fadeInUp has-slider-title-font-size\" style=\"line-height:1.2\">Za\u0161to Deli\u0107Mont? <\/h2>\n\n\n\n<p class=\"animated animated-fadeInUp\">Ovdje su nabrojani samo neki od razloga zbog \u010dega <strong>Deli\u0107Mont <\/strong>treba da bude va\u0161a prva adresa za sve poslove renoviranja, dogradnje i nadogradnje objekata individualnog ili poslovnog tipa<\/p>\n\n\n\n<div class=\"wp-block-columns is-layout-flex wp-container-core-columns-is-layout-28f84493 wp-block-columns-is-layout-flex\">\n<div class=\"wp-block-column is-vertically-aligned-top is-layout-flow wp-block-column-is-layout-flow\">\n<div class=\"wp-block-columns is-not-stacked-on-mobile animated animated-fadeInUp is-layout-flex wp-container-core-columns-is-layout-d2ca7aa4 wp-block-columns-is-layout-flex\">\n<div class=\"wp-block-column is-vertically-aligned-top is-layout-flow wp-block-column-is-layout-flow\" style=\"flex-basis:100px\">\n<div class=\"wp-block-group is-layout-flow wp-container-core-group-is-layout-8a368f38 wp-block-group-is-layout-flow\">\n<figure class=\"wp-block-image aligncenter size-full is-resized has-custom-border wp-duotone-315aac-315aac-1\"><img decoding=\"async\" src=\"https:\/\/demo.sparkletheme.com\/sparkle-fse\/wp-content\/themes\/sparkle-fse-pro\/images\/icon-1.png\" alt=\"\" class=\"wp-image-3974\" style=\"border-radius:0px;width:50px;height:50px\"\/><\/figure>\n<\/div>\n<\/div>\n\n\n\n<div class=\"wp-block-column is-layout-flow wp-block-column-is-layout-flow\" style=\"flex-basis:66.66%\">\n<div class=\"wp-block-group is-layout-flow wp-container-core-group-is-layout-fe0e2ea3 wp-block-group-is-layout-flow\">\n<h4 class=\"wp-block-heading\" style=\"font-style:normal;font-weight:400\"><a href=\"#\" target=\"_blank\" rel=\"noreferrer noopener\">Usluge na poslovnim objektima<\/a><\/h4>\n\n\n\n<p class=\"has-text-align-left\">Uspje\u0161no radimo projekte na individualnim kao i na poslovnim objektima<\/p>\n<\/div>\n<\/div>\n<\/div>\n<\/div>\n\n\n\n<div class=\"wp-block-column is-layout-flow wp-block-column-is-layout-flow\">\n<div class=\"wp-block-columns is-not-stacked-on-mobile animated animated-fadeInUp is-layout-flex wp-container-core-columns-is-layout-d2ca7aa4 wp-block-columns-is-layout-flex\">\n<div class=\"wp-block-column is-vertically-aligned-top is-layout-flow wp-block-column-is-layout-flow\" style=\"flex-basis:100px\">\n<div class=\"wp-block-group is-layout-flow wp-container-core-group-is-layout-8a368f38 wp-block-group-is-layout-flow\">\n<figure class=\"wp-block-image aligncenter size-full is-resized has-custom-border wp-duotone-315aac-315aac-2\"><img decoding=\"async\" src=\"https:\/\/demo.sparkletheme.com\/sparkle-fse\/wp-content\/themes\/sparkle-fse-pro\/images\/icon-2.png\" alt=\"\" class=\"wp-image-3974\" style=\"border-radius:0px;width:50px;height:50px\"\/><\/figure>\n<\/div>\n<\/div>\n\n\n\n<div class=\"wp-block-column is-layout-flow wp-block-column-is-layout-flow\" style=\"flex-basis:66.66%\">\n<div class=\"wp-block-group is-layout-flow wp-container-core-group-is-layout-fe0e2ea3 wp-block-group-is-layout-flow\">\n<h4 class=\"wp-block-heading\" style=\"font-style:normal;font-weight:400\"><a href=\"#\" target=\"_blank\" rel=\"noreferrer noopener\">Pratimo svjetske trendove<\/a><\/h4>\n\n\n\n<p class=\"has-text-align-left\">Pratimo svjetske trendove kako u pogledu tehnologije, tako i uprimjeni najsavremenijih materijala<\/p>\n<\/div>\n<\/div>\n<\/div>\n<\/div>\n<\/div>\n\n\n\n<div class=\"wp-block-columns is-layout-flex wp-container-core-columns-is-layout-28f84493 wp-block-columns-is-layout-flex\">\n<div class=\"wp-block-column is-vertically-aligned-top is-layout-flow wp-block-column-is-layout-flow\">\n<div class=\"wp-block-columns is-not-stacked-on-mobile animated animated-fadeInUp is-layout-flex wp-container-core-columns-is-layout-d2ca7aa4 wp-block-columns-is-layout-flex\">\n<div class=\"wp-block-column is-vertically-aligned-top is-layout-flow wp-block-column-is-layout-flow\" style=\"flex-basis:100px\">\n<div class=\"wp-block-group is-layout-flow wp-container-core-group-is-layout-8a368f38 wp-block-group-is-layout-flow\">\n<figure class=\"wp-block-image aligncenter size-full is-resized has-custom-border wp-duotone-315aac-315aac-3\"><img decoding=\"async\" src=\"https:\/\/demo.sparkletheme.com\/sparkle-fse\/wp-content\/themes\/sparkle-fse-pro\/images\/icon-6.png\" alt=\"\" class=\"wp-image-3974\" style=\"border-radius:0px;width:50px;height:50px\"\/><\/figure>\n<\/div>\n<\/div>\n\n\n\n<div class=\"wp-block-column is-layout-flow wp-block-column-is-layout-flow\" style=\"flex-basis:66.66%\">\n<div class=\"wp-block-group is-layout-flow wp-container-core-group-is-layout-fe0e2ea3 wp-block-group-is-layout-flow\">\n<h4 class=\"wp-block-heading\" style=\"font-style:normal;font-weight:400\"><a href=\"#\">Timski rad<\/a><\/h4>\n\n\n\n<p class=\"has-text-align-left\">Na\u0161 tim stru\u010dnjaka razli\u010ditih profila odgovori\u0107e svim va\u0161im zahtjevima<\/p>\n<\/div>\n<\/div>\n<\/div>\n<\/div>\n\n\n\n<div class=\"wp-block-column is-layout-flow wp-block-column-is-layout-flow\">\n<div class=\"wp-block-columns is-not-stacked-on-mobile animated animated-fadeInUp is-layout-flex wp-container-core-columns-is-layout-d2ca7aa4 wp-block-columns-is-layout-flex\">\n<div class=\"wp-block-column is-vertically-aligned-top is-layout-flow wp-block-column-is-layout-flow\" style=\"flex-basis:100px\">\n<div class=\"wp-block-group is-layout-flow wp-container-core-group-is-layout-8a368f38 wp-block-group-is-layout-flow\">\n<figure class=\"wp-block-image aligncenter size-full is-resized has-custom-border wp-duotone-315aac-315aac-4\"><img decoding=\"async\" src=\"https:\/\/demo.sparkletheme.com\/sparkle-fse\/wp-content\/themes\/sparkle-fse-pro\/images\/icon-4.png\" alt=\"\" class=\"wp-image-3974\" style=\"border-radius:0px;width:50px;height:50px\"\/><\/figure>\n<\/div>\n<\/div>\n\n\n\n<div class=\"wp-block-column is-layout-flow wp-block-column-is-layout-flow\" style=\"flex-basis:66.66%\">\n<div class=\"wp-block-group is-layout-flow wp-container-core-group-is-layout-fe0e2ea3 wp-block-group-is-layout-flow\">\n<h4 class=\"wp-block-heading\" style=\"font-style:normal;font-weight:400\"><a href=\"#\" target=\"_blank\" rel=\"noreferrer noopener\">Po\u0161tujemo termine<\/a><\/h4>\n\n\n\n<p class=\"has-text-align-left\">Na vrijeme pravimo godi\u0161nji plan, kako bismo ispo\u0161tovali sve zadate termine<\/p>\n<\/div>\n<\/div>\n<\/div>\n<\/div>\n<\/div>\n\n\n\n<div class=\"wp-block-columns is-layout-flex wp-container-core-columns-is-layout-28f84493 wp-block-columns-is-layout-flex\">\n<div class=\"wp-block-column is-vertically-aligned-top is-layout-flow wp-block-column-is-layout-flow\">\n<div class=\"wp-block-columns is-not-stacked-on-mobile animated animated-fadeInUp is-layout-flex wp-container-core-columns-is-layout-d2ca7aa4 wp-block-columns-is-layout-flex\">\n<div class=\"wp-block-column is-vertically-aligned-top is-layout-flow wp-block-column-is-layout-flow\" style=\"flex-basis:100px\">\n<div class=\"wp-block-group is-layout-flow wp-container-core-group-is-layout-8a368f38 wp-block-group-is-layout-flow\">\n<figure class=\"wp-block-image aligncenter size-full is-resized has-custom-border wp-duotone-315aac-315aac-5\"><img decoding=\"async\" src=\"https:\/\/demo.sparkletheme.com\/sparkle-fse\/wp-content\/themes\/sparkle-fse-pro\/images\/icon-5.png\" alt=\"\" class=\"wp-image-3974\" style=\"border-radius:0px;width:50px;height:50px\"\/><\/figure>\n<\/div>\n<\/div>\n\n\n\n<div class=\"wp-block-column is-layout-flow wp-block-column-is-layout-flow\" style=\"flex-basis:66.66%\">\n<div class=\"wp-block-group is-layout-flow wp-container-core-group-is-layout-fe0e2ea3 wp-block-group-is-layout-flow\">\n<h4 class=\"wp-block-heading\" style=\"font-style:normal;font-weight:400\"><a href=\"#\" target=\"_blank\" rel=\"noreferrer noopener\">Kompanija koja raste<\/a><\/h4>\n\n\n\n<p class=\"has-text-align-left\">Mi smo kompanija koja raste iz godine u godie pro\u0161iruju\u0107i polje djelovanja<\/p>\n<\/div>\n<\/div>\n<\/div>\n<\/div>\n\n\n\n<div class=\"wp-block-column is-layout-flow wp-block-column-is-layout-flow\">\n<div class=\"wp-block-columns is-not-stacked-on-mobile animated animated-fadeInUp is-layout-flex wp-container-core-columns-is-layout-d2ca7aa4 wp-block-columns-is-layout-flex\">\n<div class=\"wp-block-column is-vertically-aligned-top is-layout-flow wp-block-column-is-layout-flow\" style=\"flex-basis:100px\">\n<div class=\"wp-block-group is-layout-flow wp-container-core-group-is-layout-8a368f38 wp-block-group-is-layout-flow\">\n<figure class=\"wp-block-image aligncenter size-full is-resized has-custom-border wp-duotone-315aac-315aac-6\"><img decoding=\"async\" src=\"https:\/\/demo.sparkletheme.com\/sparkle-fse\/wp-content\/themes\/sparkle-fse-pro\/images\/icon-3.png\" alt=\"\" class=\"wp-image-3974\" style=\"border-radius:0px;width:50px;height:50px\"\/><\/figure>\n<\/div>\n<\/div>\n\n\n\n<div class=\"wp-block-column is-layout-flow wp-block-column-is-layout-flow\" style=\"flex-basis:66.66%\">\n<div class=\"wp-block-group is-layout-flow wp-container-core-group-is-layout-fe0e2ea3 wp-block-group-is-layout-flow\">\n<h4 class=\"wp-block-heading\" style=\"font-style:normal;font-weight:400\"><a href=\"#\">Koristimo najnovije tehnologije<\/a><\/h4>\n\n\n\n<p class=\"has-text-align-left\">Pratimo svjetske trendove u pogledu materijala \u010dime smanjujemo tro\u0161kove i produ\u017eavamo vijek renoviranih objekata <\/p>\n<\/div>\n<\/div>\n<\/div>\n<\/div>\n<\/div>\n<\/div>\n\n\n\n<div class=\"wp-block-group is-content-justification-center is-layout-flex wp-container-core-group-is-layout-ac8cbf10 wp-block-group-is-layout-flex\">\n<figure class=\"wp-block-image size-thumbnail is-resized has-custom-border\"><img loading=\"lazy\" decoding=\"async\" width=\"150\" height=\"150\" src=\"http:\/\/delicmont.com\/wp-content\/uploads\/2024\/12\/commercial-plumbing-installations-and-upgrades-150x150.jpg\" alt=\"\" class=\"wp-image-871\" style=\"border-radius:100px;width:92px;height:auto\" srcset=\"http:\/\/delicmont.com\/wp-content\/uploads\/2024\/12\/commercial-plumbing-installations-and-upgrades-150x150.jpg 150w, http:\/\/delicmont.com\/wp-content\/uploads\/2024\/12\/commercial-plumbing-installations-and-upgrades-300x300.jpg 300w, http:\/\/delicmont.com\/wp-content\/uploads\/2024\/12\/commercial-plumbing-installations-and-upgrades-475x475.jpg 475w\" sizes=\"auto, (max-width: 150px) 100vw, 150px\" \/><\/figure>\n\n\n\n<div class=\"wp-block-columns is-layout-flex wp-container-core-columns-is-layout-28f84493 wp-block-columns-is-layout-flex\">\n<div class=\"wp-block-column is-layout-flow wp-container-core-column-is-layout-69fcd244 wp-block-column-is-layout-flow\" style=\"padding-top:0;padding-right:0;padding-bottom:0;padding-left:0\">\n<h3 class=\"wp-block-heading\">Slavi\u0161a Deli\u0107<\/h3>\n\n\n\n<p>Vlasnik\/Direktor<\/p>\n<\/div>\n<\/div>\n<\/div>\n<\/div>\n<\/div>\n\n\n\n<h2 class=\"wp-block-heading\"><img loading=\"lazy\" decoding=\"async\" width=\"60\" height=\"60\" class=\"wp-image-1486\" style=\"width: 60px;\" src=\"http:\/\/delicmont.com\/wp-content\/uploads\/2025\/01\/mail.png\" alt=\"\" srcset=\"http:\/\/delicmont.com\/wp-content\/uploads\/2025\/01\/mail.png 512w, http:\/\/delicmont.com\/wp-content\/uploads\/2025\/01\/mail-300x300.png 300w, http:\/\/delicmont.com\/wp-content\/uploads\/2025\/01\/mail-150x150.png 150w, http:\/\/delicmont.com\/wp-content\/uploads\/2025\/01\/mail-475x475.png 475w\" sizes=\"auto, (max-width: 60px) 100vw, 60px\" \/> Popunite formular &#8211; kontaktirajte nas<\/h2>\n\n\n<div ><style>#sp-ea-708 .spcollapsing { height: 0; overflow: hidden; transition-property: height;transition-duration: 300ms;}#sp-ea-708.sp-easy-accordion>.sp-ea-single {margin-bottom: 10px; border: 1px solid #e2e2e2; }#sp-ea-708.sp-easy-accordion>.sp-ea-single>.ea-header a {color: #444;}#sp-ea-708.sp-easy-accordion>.sp-ea-single>.sp-collapse>.ea-body {background: #fff; color: #444;}#sp-ea-708.sp-easy-accordion>.sp-ea-single {background: #eee;}#sp-ea-708.sp-easy-accordion>.sp-ea-single>.ea-header a .ea-expand-icon { float: left; color: #444;font-size: 16px;}<\/style><div id=\"sp_easy_accordion-1730168532\"><div id=\"sp-ea-708\" class=\"sp-ea-one sp-easy-accordion\" data-ea-active=\"ea-click\" data-ea-mode=\"vertical\" data-preloader=\"\" data-scroll-active-item=\"\" data-offset-to-scroll=\"0\"><div class=\"ea-card sp-ea-single\"><h3 class=\"ea-header\"><a class=\"collapsed\" id=\"ea-header-7080\" role=\"button\" data-sptoggle=\"spcollapse\" data-sptarget=\"#collapse7080\" aria-controls=\"collapse7080\" href=\"#\" aria-expanded=\"false\" tabindex=\"0\"><i aria-hidden=\"true\" role=\"presentation\" class=\"ea-expand-icon eap-icon-ea-expand-plus\"><\/i> Deli\u0107mont &#8211; Kontakt forumlar <\/a><\/h3><div class=\"sp-collapse spcollapse spcollapse\" id=\"collapse7080\" data-parent=\"#sp-ea-708\" role=\"region\" aria-labelledby=\"ea-header-7080\"> <div class=\"ea-body\"><div class=\"wpcf7 no-js\" id=\"wpcf7-f110-o1\" lang=\"en-US\" dir=\"ltr\" data-wpcf7-id=\"110\"><div class=\"screen-reader-response\"><p role=\"status\" aria-live=\"polite\" aria-atomic=\"true\"><\/p> <ul><\/ul><\/div><form action=\"\/en\/wp-json\/wp\/v2\/pages\/1174#wpcf7-f110-o1\" method=\"post\" class=\"wpcf7-form init\" aria-label=\"Contact form\" novalidate=\"novalidate\" data-status=\"init\"><fieldset class=\"hidden-fields-container\"><input type=\"hidden\" name=\"_wpcf7\" value=\"110\" \/><input type=\"hidden\" name=\"_wpcf7_version\" value=\"6.1.5\" \/><input type=\"hidden\" name=\"_wpcf7_locale\" value=\"en_US\" \/><input type=\"hidden\" name=\"_wpcf7_unit_tag\" value=\"wpcf7-f110-o1\" \/><input type=\"hidden\" name=\"_wpcf7_container_post\" value=\"0\" \/><input type=\"hidden\" name=\"_wpcf7_posted_data_hash\" value=\"\" \/><\/fieldset><head> <script src=\"https:\/\/www.google.com\/recaptcha\/enterprise.js?render=6LeuR2AqAAAAAIz5RJAndoHAbMvvWnLRVPby1Ww4\"><\/script> <\/head><p><label> Va\u0161e ime<br \/><span class=\"wpcf7-form-control-wrap\" data-name=\"your-name\"><input size=\"40\" maxlength=\"400\" class=\"wpcf7-form-control wpcf7-text wpcf7-validates-as-required\" autocomplete=\"name\" aria-required=\"true\" aria-invalid=\"false\" value=\"\" type=\"text\" name=\"your-name\" \/><\/span> <\/label><\/p><p><label> Va\u0161a e-mail adresa<br \/><span class=\"wpcf7-form-control-wrap\" data-name=\"your-email\"><input size=\"40\" maxlength=\"400\" class=\"wpcf7-form-control wpcf7-email wpcf7-validates-as-required wpcf7-text wpcf7-validates-as-email\" autocomplete=\"email\" aria-required=\"true\" aria-invalid=\"false\" value=\"\" type=\"email\" name=\"your-email\" \/><\/span> <\/label><\/p><p><label> Va\u0161 telefon<br \/><span class=\"wpcf7-form-control-wrap\" data-name=\"tel-690\"><input size=\"40\" maxlength=\"400\" class=\"wpcf7-form-control wpcf7-tel wpcf7-text wpcf7-validates-as-tel\" aria-invalid=\"false\" value=\"\" type=\"tel\" name=\"tel-690\" \/><\/span><\/label><\/p><p><label> Predmet<br \/><span class=\"wpcf7-form-control-wrap\" data-name=\"your-subject\"><input size=\"40\" maxlength=\"400\" class=\"wpcf7-form-control wpcf7-text wpcf7-validates-as-required\" aria-required=\"true\" aria-invalid=\"false\" value=\"\" type=\"text\" name=\"your-subject\" \/><\/span> <\/label><\/p><p><label> Odaberie vrstu usluge za koju ste zaijnteresovani<br \/><span class=\"wpcf7-form-control-wrap\" data-name=\"menu-728\"><select class=\"wpcf7-form-control wpcf7-select wpcf7-validates-as-required\" aria-required=\"true\" aria-invalid=\"false\" multiple=\"multiple\" name=\"menu-728[]\"><option value=\"\">&#8212;Please choose an option&#8212;<\/option><option value=\"Renoviranje kupatila\">Renoviranje kupatila<\/option><option value=\"Renoviranje kuhinje\">Renoviranje kuhinje<\/option><option value=\"Renoviranje stepenica\">Renoviranje stepenica<\/option><option value=\"Renoviranje potkorvlja\">Renoviranje potkorvlja<\/option><\/select><\/span><\/label><\/p><p><label> Va\u0161a poruka (optional)<br \/><span class=\"wpcf7-form-control-wrap\" data-name=\"your-message\"><textarea cols=\"40\" rows=\"10\" maxlength=\"2000\" class=\"wpcf7-form-control wpcf7-textarea\" aria-invalid=\"false\" name=\"your-message\"><\/textarea><\/span> <\/label><\/p><p><span class=\"wpcf7-form-control-wrap\" data-name=\"quiz-543\"><label><span class=\"wpcf7-quiz-label\">The capital of Brazil?<\/span> <input size=\"40\" class=\"wpcf7-form-control wpcf7-quiz\" autocomplete=\"off\" aria-required=\"true\" aria-invalid=\"false\" type=\"text\" name=\"quiz-543\" \/><\/label><input type=\"hidden\" name=\"_wpcf7_quiz_answer_quiz-543\" value=\"5eadddd20bdb7bd4abcf79d9e52740fb\" \/><\/span><\/p><p><input class=\"wpcf7-form-control wpcf7-submit has-spinner\" type=\"submit\" value=\"Submit\" \/><\/p><p><script> function onClick(e) { e.preventDefault(); grecaptcha.enterprise.ready(async () => { const token = await grecaptcha.enterprise.execute('6LeuR2AqAAAAAIz5RJAndoHAbMvvWnLRVPby1Ww4', {action: 'LOGIN'}); }); }<\/script><\/p><p style=\"display: none !important;\" class=\"akismet-fields-container\" data-prefix=\"_wpcf7_ak_\"><label>&#916;<textarea name=\"_wpcf7_ak_hp_textarea\" cols=\"45\" rows=\"8\" maxlength=\"100\"><\/textarea><\/label><input type=\"hidden\" id=\"ak_js_1\" name=\"_wpcf7_ak_js\" value=\"37\"\/><script type=\"text\/javascript\">\/* <![CDATA[ *\/ document.getElementById( \"ak_js_1\" ).setAttribute( \"value\", ( new Date() ).getTime() ); \/* ]]> *\/<\/script><\/p><div class=\"wpcf7-response-output\" aria-hidden=\"true\"><\/div><\/form><\/div><\/div><\/div><\/div><\/div><\/div><\/div>","protected":false},"excerpt":{"rendered":"<p>XXL format ceramic tiling<\/p>","protected":false},"author":1,"featured_media":0,"parent":0,"menu_order":0,"comment_status":"closed","ping_status":"closed","template":"","meta":{"ngg_post_thumbnail":0,"footnotes":""},"class_list":["post-1174","page","type-page","status-publish","hentry"],"_links":{"self":[{"href":"http:\/\/delicmont.com\/en\/wp-json\/wp\/v2\/pages\/1174","targetHints":{"allow":["GET"]}}],"collection":[{"href":"http:\/\/delicmont.com\/en\/wp-json\/wp\/v2\/pages"}],"about":[{"href":"http:\/\/delicmont.com\/en\/wp-json\/wp\/v2\/types\/page"}],"author":[{"embeddable":true,"href":"http:\/\/delicmont.com\/en\/wp-json\/wp\/v2\/users\/1"}],"replies":[{"embeddable":true,"href":"http:\/\/delicmont.com\/en\/wp-json\/wp\/v2\/comments?post=1174"}],"version-history":[{"count":11,"href":"http:\/\/delicmont.com\/en\/wp-json\/wp\/v2\/pages\/1174\/revisions"}],"predecessor-version":[{"id":1421,"href":"http:\/\/delicmont.com\/en\/wp-json\/wp\/v2\/pages\/1174\/revisions\/1421"}],"wp:attachment":[{"href":"http:\/\/delicmont.com\/en\/wp-json\/wp\/v2\/media?parent=1174"}],"curies":[{"name":"wp","href":"https:\/\/api.w.org\/{rel}","templated":true}]}}